{"id":99,"date":"2022-09-19T13:00:12","date_gmt":"2022-09-19T13:00:12","guid":{"rendered":"https:\/\/fundacionmfm.org\/?page_id=99"},"modified":"2022-12-13T15:21:10","modified_gmt":"2022-12-13T15:21:10","slug":"adopta-un-libro","status":"publish","type":"page","link":"https:\/\/fundacionmfm.org\/en\/adopta-un-libro\/","title":{"rendered":"Adopta un Libro"},"content":{"rendered":"<div   class=\"vc_row wpb_row vc_row-fluid vc_custom_1663766343085 full-width-section\">\n\t<div  class=\"vc_span12 wpb_column vc_column_container\"><div class=\"vc_column-inner\">\n\t\t<div class=\"wpb_wrapper\">\n\t\t\t<h2 style=\"font-size: 40px;color: #ffffff;text-align: left\" class=\"vc_custom_heading\" >Adopta un libro<\/h2>\n\t\t<\/div> <\/div>\n\t<\/div> \n<\/div><div   class=\"vc_row wpb_row vc_row-fluid vc_row-o-content-middle\">\n\t<div  class=\"vc_span6 wpb_column vc_column_container\"><div class=\"vc_column-inner\">\n\t\t<div class=\"wpb_wrapper\">\n\t\t\t<h2 style=\"text-align: left\" class=\"vc_custom_heading\" >Servicio completamente gratuito que te permite obtener un libro a trav\u00e9s de los siguientes medios:<\/h2><style type=\"text\/css\" >#rand_4silc9bwa2nz637qloa5 {margin-top:0px; margin-bottom:0px; }<\/style><style type='text\/css'> @font-face{font-family: 'fa'; src:url('https:\/\/fundacionmfm.org\/wp-content\/themes\/thefox\/includes\/4k-icons\/icons\/4k-icons-pack02\/icons\/fonts\/fa.eot'); src:url('https:\/\/fundacionmfm.org\/wp-content\/themes\/thefox\/includes\/4k-icons\/icons\/4k-icons-pack02\/icons\/fonts\/fa.eot?#iefix') format('embedded-opentype'), url('https:\/\/fundacionmfm.org\/wp-content\/themes\/thefox\/includes\/4k-icons\/icons\/4k-icons-pack02\/icons\/fonts\/fa.woff') format('woff'), url('https:\/\/fundacionmfm.org\/wp-content\/themes\/thefox\/includes\/4k-icons\/icons\/4k-icons-pack02\/icons\/fonts\/fa.ttf') format('truetype'), url('https:\/\/fundacionmfm.org\/wp-content\/themes\/thefox\/includes\/4k-icons\/icons\/4k-icons-pack02\/icons\/fonts\/fa.svg#oi') format('svg'); font-weight: normal; font-style: normal;}#rand_4silc9bwa2nz637qloa5 .fa-ticket:before{font-family: 'fa'; font-weight: normal; font-style: normal;}#rand_4silc9bwa2nz637qloa5 .fa-ticket:before{content: \"\\f145\";}<\/style>\n<div id=\"rand_4silc9bwa2nz637qloa5\" class=\"icon_box\"><i class=\"fa-ticket\" style=\"color:#32c0e7;\"><\/i><h3 style=\"color:#000000;\">INVITACI\u00d3N A TODA NUESTRA COMUNIDAD A VISITARNOS EN LAS FERIAS M\u00d3VILES QUE HACEMOS DE FORMA PERI\u00d3DICA Y PUEDAN ENCONTRAR EL LIBRO DE SU PREFERENCIA.<\/h3><p style=\"color:#000000\"><\/p><\/div><style type=\"text\/css\" >#rand_rpf4zf40cu2kcbqc1pop {margin-top:0px; margin-bottom:0px; }<\/style><style type='text\/css'> @font-face{font-family: 'fa'; src:url('https:\/\/fundacionmfm.org\/wp-content\/themes\/thefox\/includes\/4k-icons\/icons\/4k-icons-pack02\/icons\/fonts\/fa.eot'); src:url('https:\/\/fundacionmfm.org\/wp-content\/themes\/thefox\/includes\/4k-icons\/icons\/4k-icons-pack02\/icons\/fonts\/fa.eot?#iefix') format('embedded-opentype'), url('https:\/\/fundacionmfm.org\/wp-content\/themes\/thefox\/includes\/4k-icons\/icons\/4k-icons-pack02\/icons\/fonts\/fa.woff') format('woff'), url('https:\/\/fundacionmfm.org\/wp-content\/themes\/thefox\/includes\/4k-icons\/icons\/4k-icons-pack02\/icons\/fonts\/fa.ttf') format('truetype'), url('https:\/\/fundacionmfm.org\/wp-content\/themes\/thefox\/includes\/4k-icons\/icons\/4k-icons-pack02\/icons\/fonts\/fa.svg#oi') format('svg'); font-weight: normal; font-style: normal;}#rand_rpf4zf40cu2kcbqc1pop .fa-map-marker:before{font-family: 'fa'; font-weight: normal; font-style: normal;}#rand_rpf4zf40cu2kcbqc1pop .fa-map-marker:before{content: \"\\f041\";}<\/style>\n<div id=\"rand_rpf4zf40cu2kcbqc1pop\" class=\"icon_box\"><i class=\"fa-map-marker\" style=\"color:#32c0e7;\"><\/i><h3 style=\"color:#000000;\">DIRIGIRSE A LA SEDE PRINCIPAL DE LA FUNDACI\u00d3N EN SANTA PAULA, ALL\u00cd OFRECEREMOS INTERCAMBIO Y ADOPCI\u00d3N DE LIBROS.<\/h3><p style=\"color:#000000\"><\/p><\/div><style type=\"text\/css\" >#rand_gprf9nbrt18nfirrjgym {margin-top:0px; margin-bottom:0px; }<\/style><style type='text\/css'> @font-face{font-family: 'fa'; src:url('https:\/\/fundacionmfm.org\/wp-content\/themes\/thefox\/includes\/4k-icons\/icons\/4k-icons-pack02\/icons\/fonts\/fa.eot'); src:url('https:\/\/fundacionmfm.org\/wp-content\/themes\/thefox\/includes\/4k-icons\/icons\/4k-icons-pack02\/icons\/fonts\/fa.eot?#iefix') format('embedded-opentype'), url('https:\/\/fundacionmfm.org\/wp-content\/themes\/thefox\/includes\/4k-icons\/icons\/4k-icons-pack02\/icons\/fonts\/fa.woff') format('woff'), url('https:\/\/fundacionmfm.org\/wp-content\/themes\/thefox\/includes\/4k-icons\/icons\/4k-icons-pack02\/icons\/fonts\/fa.ttf') format('truetype'), url('https:\/\/fundacionmfm.org\/wp-content\/themes\/thefox\/includes\/4k-icons\/icons\/4k-icons-pack02\/icons\/fonts\/fa.svg#oi') format('svg'); font-weight: normal; font-style: normal;}#rand_gprf9nbrt18nfirrjgym .fa-list:before{font-family: 'fa'; font-weight: normal; font-style: normal;}#rand_gprf9nbrt18nfirrjgym .fa-list:before{content: \"\\f03a\";}<\/style>\n<div id=\"rand_gprf9nbrt18nfirrjgym\" class=\"icon_box\"><i class=\"fa-list\" style=\"color:#32c0e7;\"><\/i><h3 style=\"color:#000000;\">A TRAV\u00c9S DE ESTA P\u00c1GINA WEB PUEDEN VISITAR EL CAT\u00c1LOGO EN L\u00cdNEA Y RESERVAR EL LIBRO O LIBROS QUE DESEAN ADOPTAR.<\/h3><p style=\"color:#000000\"><\/p><\/div><style type=\"text\/css\" >#b_9jaicf306284s8mc4y9n a{color:#ffffff; background:#774a98; margin-top:0px; margin-bottom:35px;  margin-left:0px; margin-right:0px; font-weight:900; border-radius:50px;}#b_9jaicf306284s8mc4y9n a:hover{color: ; background: ;}<\/style><div class=\"ta_center tf_btn_pos\" id=\"b_9jaicf306284s8mc4y9n\" ><a class=\"rd_normal_bt medium_rd_bt bt_icon_right\" href=\"https:\/\/fundacionmfm.org\/en\/catalogo\/\" target=\"\"   ><span>Cat\u00e1logo<\/span><i class=\"draw-book126\" ><\/i><\/a><\/div><style type=\"text\/css\" >#b_9jaicf306284s8mc4y9n i {color:#ffffff;}#b_9jaicf306284s8mc4y9n a:hover i{color:;}<\/style><style type='text\/css'> @font-face{font-family: 'draw'; src:url('https:\/\/fundacionmfm.org\/wp-content\/themes\/thefox\/includes\/4k-icons\/icons\/4k-icons-pack02\/icons\/fonts\/draw.eot'); src:url('https:\/\/fundacionmfm.org\/wp-content\/themes\/thefox\/includes\/4k-icons\/icons\/4k-icons-pack02\/icons\/fonts\/draw.eot?#iefix') format('embedded-opentype'), url('https:\/\/fundacionmfm.org\/wp-content\/themes\/thefox\/includes\/4k-icons\/icons\/4k-icons-pack02\/icons\/fonts\/draw.woff') format('woff'), url('https:\/\/fundacionmfm.org\/wp-content\/themes\/thefox\/includes\/4k-icons\/icons\/4k-icons-pack02\/icons\/fonts\/draw.ttf') format('truetype'), url('https:\/\/fundacionmfm.org\/wp-content\/themes\/thefox\/includes\/4k-icons\/icons\/4k-icons-pack02\/icons\/fonts\/draw.svg#oi') format('svg'); font-weight: normal; font-style: normal;}#b_9jaicf306284s8mc4y9n .draw-book126:before{font-family: 'draw'; font-weight: normal; font-style: normal;}#b_9jaicf306284s8mc4y9n .draw-book126:before{content: \"\\e82c\";}<\/style>\n<style type=\"text\/css\" >#rand_7jsj6mb10xx26mem6wdj {margin-top:0px; margin-bottom:0px; }<\/style><style type='text\/css'> @font-face{font-family: 'fa'; src:url('https:\/\/fundacionmfm.org\/wp-content\/themes\/thefox\/includes\/4k-icons\/icons\/4k-icons-pack02\/icons\/fonts\/fa.eot'); src:url('https:\/\/fundacionmfm.org\/wp-content\/themes\/thefox\/includes\/4k-icons\/icons\/4k-icons-pack02\/icons\/fonts\/fa.eot?#iefix') format('embedded-opentype'), url('https:\/\/fundacionmfm.org\/wp-content\/themes\/thefox\/includes\/4k-icons\/icons\/4k-icons-pack02\/icons\/fonts\/fa.woff') format('woff'), url('https:\/\/fundacionmfm.org\/wp-content\/themes\/thefox\/includes\/4k-icons\/icons\/4k-icons-pack02\/icons\/fonts\/fa.ttf') format('truetype'), url('https:\/\/fundacionmfm.org\/wp-content\/themes\/thefox\/includes\/4k-icons\/icons\/4k-icons-pack02\/icons\/fonts\/fa.svg#oi') format('svg'); font-weight: normal; font-style: normal;}#rand_7jsj6mb10xx26mem6wdj .fa-instagram:before{font-family: 'fa'; font-weight: normal; font-style: normal;}#rand_7jsj6mb10xx26mem6wdj .fa-instagram:before{content: \"\\f16d\";}<\/style>\n<div id=\"rand_7jsj6mb10xx26mem6wdj\" class=\"icon_box\"><i class=\"fa-instagram\" style=\"color:#32c0e7;\"><\/i><h3 style=\"color:#000000;\">EN INSTAGRAM POR MENSAJE DIRECTO.<\/h3><p style=\"color:#000000\"><\/p><\/div><style type=\"text\/css\" >#rand_k5kdjrb8t91l8lqtbhga {margin-top:0px; margin-bottom:0px; }<\/style><style type='text\/css'> @font-face{font-family: 'fa'; src:url('https:\/\/fundacionmfm.org\/wp-content\/themes\/thefox\/includes\/4k-icons\/icons\/4k-icons-pack02\/icons\/fonts\/fa.eot'); src:url('https:\/\/fundacionmfm.org\/wp-content\/themes\/thefox\/includes\/4k-icons\/icons\/4k-icons-pack02\/icons\/fonts\/fa.eot?#iefix') format('embedded-opentype'), url('https:\/\/fundacionmfm.org\/wp-content\/themes\/thefox\/includes\/4k-icons\/icons\/4k-icons-pack02\/icons\/fonts\/fa.woff') format('woff'), url('https:\/\/fundacionmfm.org\/wp-content\/themes\/thefox\/includes\/4k-icons\/icons\/4k-icons-pack02\/icons\/fonts\/fa.ttf') format('truetype'), url('https:\/\/fundacionmfm.org\/wp-content\/themes\/thefox\/includes\/4k-icons\/icons\/4k-icons-pack02\/icons\/fonts\/fa.svg#oi') format('svg'); font-weight: normal; font-style: normal;}#rand_k5kdjrb8t91l8lqtbhga .fa-phone-square:before{font-family: 'fa'; font-weight: normal; font-style: normal;}#rand_k5kdjrb8t91l8lqtbhga .fa-phone-square:before{content: \"\\f098\";}<\/style>\n<div id=\"rand_k5kdjrb8t91l8lqtbhga\" class=\"icon_box\"><i class=\"fa-phone-square\" style=\"color:#32c0e7;\"><\/i><h3 style=\"color:#000000;\">TENEMOS DISPONIBLE NUESTRO CONTACTO DE WHATSAPP Y CORREO ELECTR\u00d3NICO PARA HACER ADOPCIONES.<\/h3><p style=\"color:#000000\"><\/p><\/div>\n\t\t<\/div> <\/div>\n\t<\/div> \n\n\t<div  class=\"vc_span6 wpb_column vc_column_container\"><div class=\"vc_column-inner\">\n\t\t<div class=\"wpb_wrapper\">\n\t\t\t\n\t<div  class=\"wpb_single_image wpb_content_element vc_align_center\">\n\t\t<div class=\"wpb_wrapper\">\n\t\t\t\n\t\t\t<div class=\"vc_single_image-wrapper   vc_box_border_grey\"><img loading=\"lazy\" decoding=\"async\" width=\"488\" height=\"452\" src=\"https:\/\/fundacionmfm.org\/wp-content\/uploads\/2022\/09\/FundacionMFM-Adopta-un-libro.png\" class=\"vc_single_image-img attachment-full\" alt=\"\" title=\"FundacionMFM-Adopta un libro\" srcset=\"https:\/\/fundacionmfm.org\/wp-content\/uploads\/2022\/09\/FundacionMFM-Adopta-un-libro.png 488w, https:\/\/fundacionmfm.org\/wp-content\/uploads\/2022\/09\/FundacionMFM-Adopta-un-libro-300x278.png 300w, https:\/\/fundacionmfm.org\/wp-content\/uploads\/2022\/09\/FundacionMFM-Adopta-un-libro-13x12.png 13w\" sizes=\"auto, (max-width: 488px) 100vw, 488px\" \/><\/div>\n\t\t<\/div>\n\t<\/div>\n\n\t\t<\/div> <\/div>\n\t<\/div> \n<\/div><div   class=\"vc_row wpb_row vc_row-fluid vc_custom_1663256694856\">\n\t<div  class=\"vc_span12 wpb_column vc_column_container rda_fadeInUp\"><div class=\"vc_column-inner\">\n\t\t<div class=\"wpb_wrapper\">\n\t\t\t<h2 style=\"font-size: 30px;color: #774a98;line-height: 1;text-align: left\" class=\"vc_custom_heading\" >ACTIVIDADES CULTURALES<\/h2><div class=\"clearfix\" style=\"padding-top:0px\"><\/div><style type=\"text\/css\" >.rd_vk1vhtd9jwfpoou3x0tw .carousel_recent_post:nth-child(odd) .port_details{background:; }.rd_vk1vhtd9jwfpoou3x0tw  .carousel_recent_post:nth-child(odd) .port_details:before{background:;}.rd_vk1vhtd9jwfpoou3x0tw  .carousel_recent_post:nth-child(even) .port_details{background:; }.rd_vk1vhtd9jwfpoou3x0tw  .carousel_recent_post:nth-child(even) .port_details:before{background:;}.rd_vk1vhtd9jwfpoou3x0tw .carousel_recent_post:hover .port_details{background:;}.rd_vk1vhtd9jwfpoou3x0tw .carousel_recent_post:hover .port_details:before{background:;}.rd_vk1vhtd9jwfpoou3x0tw .port_details h2 a{color:;}.rd_vk1vhtd9jwfpoou3x0tw .port_details h3{color:;}.rd_vk1vhtd9jwfpoou3x0tw .carousel_recent_post:hover .port_details h2 a,.rd_vk1vhtd9jwfpoou3x0tw .carousel_recent_post:hover .port_details h3{color:; }<\/style>\n\t\t<script type=\"text\/javascript\" charset=\"utf-8\">\n\t\tjQuery.noConflict();\t\t\n\t\t\n\t\/\/setup up Carousel\n\t\t\n\t\tjQuery(document).ready(function($) {\t\n\t\t\"use strict\";\n\t\t\n\t\t$(window).load(function(){\n\t\t$(\".rd_vk1vhtd9jwfpoou3x0tw.jcarousel ul\").carouFredSel({\n\t\t\t\t\tresponsive: true,\n\t\t\t\t\twidth: \"100%\",scroll: 1,\n\t\t\t\t\tauto: false,prev: \".rd_vk1vhtd9jwfpoou3x0tw.carousel_left\",\n\t\t\t\t\tnext: \".rd_vk1vhtd9jwfpoou3x0tw.carousel_right\",items: {\n\t\t\t\t\t\twidth:399,\n\t\t\t\t\t\theight: \"100%\",\n\t\t\t\t\t \tswipe       : {\n             \t\t   \t\tonTouch     : true,\n\t\t               \t\tonMouse     : false\n        \t\t    \t},\n\t\t\t\t\t\tvisible: {\n\t\t\t\t\t\t\tmin: 1,\n\t\t\t\t\t\t\tmax: 3\n\t\t\t\t\t\t}\n\t\t\t\t\t\t\n\t\t\t\t\t}\n\t\t\t\t});\n\t\t\t\t});\n\t\t\t\t});\n\t<\/script><div class=\"rd_vk1vhtd9jwfpoou3x0tw jcarousel rd_pc_2\"><div class=\"carousel_nav\">\n  <p class=\"rd_vk1vhtd9jwfpoou3x0tw carousel_left\"><\/p>\n  <p class=\"rd_vk1vhtd9jwfpoou3x0tw carousel_right\"><\/p>\n<\/div><ul><!-- portfolio item -->\n\n<li class=\"carousel_recent_post prsc\">\n  <div class=\"recent_port_ctn\">\n    <div class=\"filter_img\"><a href=\"https:\/\/fundacionmfm.org\/en\/actividades\/feria-de-lectura-los-caobos\/\" class=\"ico_link\">\n      <img loading=\"lazy\" decoding=\"async\" width=\"586\" height=\"440\" src=\"https:\/\/fundacionmfm.org\/wp-content\/uploads\/2022\/09\/Feria-de-Lectura-PLC-586x440.jpg\" class=\"attachment-586x440 size-586x440 wp-post-image\" alt=\"\" title=\"\" \/>      <\/a>\n      <a href=\"https:\/\/fundacionmfm.org\/wp-content\/uploads\/2022\/09\/Feria-de-Lectura-PLC.jpg\" class=\"prettyPhoto port_img_link\"><span class='img_link'><\/span><\/a><a href='https:\/\/fundacionmfm.org\/en\/actividades\/feria-de-lectura-los-caobos\/' class='port_post_link'><span class='post_link'><h2 class='fw_port_link'>Feria de Lectura Los Caobos<\/h2><h3 class='fw_port_tag'><\/h3><\/span><\/a>    <\/div>\n<div class=\"port_details\">\n\t\t<h2><a href=\"https:\/\/fundacionmfm.org\/en\/actividades\/feria-de-lectura-los-caobos\/\">Feria de Lectura Los Caobos<\/a><\/h2>\n\t\t<h3><\/h3>\n        <\/div>\n  <\/div>\n<\/li>\n<!-- portfolio item -->\n\n<li class=\"carousel_recent_post prsc\">\n  <div class=\"recent_port_ctn\">\n    <div class=\"filter_img\"><a href=\"https:\/\/fundacionmfm.org\/en\/actividades\/feria-de-lectura-el-cafetal-2\/\" class=\"ico_link\">\n      <img loading=\"lazy\" decoding=\"async\" width=\"586\" height=\"440\" src=\"https:\/\/fundacionmfm.org\/wp-content\/uploads\/2022\/09\/Feria-de-Lectura-ECFTL-586x440.jpg\" class=\"attachment-586x440 size-586x440 wp-post-image\" alt=\"\" title=\"\" \/>      <\/a>\n      <a href=\"https:\/\/fundacionmfm.org\/wp-content\/uploads\/2022\/09\/Feria-de-Lectura-ECFTL.jpg\" class=\"prettyPhoto port_img_link\"><span class='img_link'><\/span><\/a><a href='https:\/\/fundacionmfm.org\/en\/actividades\/feria-de-lectura-el-cafetal-2\/' class='port_post_link'><span class='post_link'><h2 class='fw_port_link'>Feria de Lectura El Cafetal 2<\/h2><h3 class='fw_port_tag'><\/h3><\/span><\/a>    <\/div>\n<div class=\"port_details\">\n\t\t<h2><a href=\"https:\/\/fundacionmfm.org\/en\/actividades\/feria-de-lectura-el-cafetal-2\/\">Feria de Lectura El Cafetal 2<\/a><\/h2>\n\t\t<h3><\/h3>\n        <\/div>\n  <\/div>\n<\/li>\n<!-- portfolio item -->\n\n<li class=\"carousel_recent_post prsc\">\n  <div class=\"recent_port_ctn\">\n    <div class=\"filter_img\"><a href=\"https:\/\/fundacionmfm.org\/en\/actividades\/feria-de-lectura-baruta\/\" class=\"ico_link\">\n      <img loading=\"lazy\" decoding=\"async\" width=\"586\" height=\"440\" src=\"https:\/\/fundacionmfm.org\/wp-content\/uploads\/2022\/09\/Feria-de-Lectura-baruta-cultural-586x440.jpg\" class=\"attachment-586x440 size-586x440 wp-post-image\" alt=\"\" title=\"\" \/>      <\/a>\n      <a href=\"https:\/\/fundacionmfm.org\/wp-content\/uploads\/2022\/09\/Feria-de-Lectura-baruta-cultural.jpg\" class=\"prettyPhoto port_img_link\"><span class='img_link'><\/span><\/a><a href='https:\/\/fundacionmfm.org\/en\/actividades\/feria-de-lectura-baruta\/' class='port_post_link'><span class='post_link'><h2 class='fw_port_link'>Feria de Lectura Baruta<\/h2><h3 class='fw_port_tag'><\/h3><\/span><\/a>    <\/div>\n<div class=\"port_details\">\n\t\t<h2><a href=\"https:\/\/fundacionmfm.org\/en\/actividades\/feria-de-lectura-baruta\/\">Feria de Lectura Baruta<\/a><\/h2>\n\t\t<h3><\/h3>\n        <\/div>\n  <\/div>\n<\/li>\n<!-- portfolio item -->\n\n<li class=\"carousel_recent_post prsc\">\n  <div class=\"recent_port_ctn\">\n    <div class=\"filter_img\"><a href=\"https:\/\/fundacionmfm.org\/en\/actividades\/feria-de-lectura-pque-francisco-de-miranda\/\" class=\"ico_link\">\n      <img loading=\"lazy\" decoding=\"async\" width=\"586\" height=\"440\" src=\"https:\/\/fundacionmfm.org\/wp-content\/uploads\/2022\/09\/Feria-de-Lectura-PFM-586x440.jpg\" class=\"attachment-586x440 size-586x440 wp-post-image\" alt=\"\" title=\"\" \/>      <\/a>\n      <a href=\"https:\/\/fundacionmfm.org\/wp-content\/uploads\/2022\/09\/Feria-de-Lectura-PFM.jpg\" class=\"prettyPhoto port_img_link\"><span class='img_link'><\/span><\/a><a href='https:\/\/fundacionmfm.org\/en\/actividades\/feria-de-lectura-pque-francisco-de-miranda\/' class='port_post_link'><span class='post_link'><h2 class='fw_port_link'>Feria de Lectura Pque Francisco de Miranda<\/h2><h3 class='fw_port_tag'><\/h3><\/span><\/a>    <\/div>\n<div class=\"port_details\">\n\t\t<h2><a href=\"https:\/\/fundacionmfm.org\/en\/actividades\/feria-de-lectura-pque-francisco-de-miranda\/\">Feria de Lectura Pque Francisco de Miranda<\/a><\/h2>\n\t\t<h3><\/h3>\n        <\/div>\n  <\/div>\n<\/li>\n<!-- portfolio item -->\n\n<li class=\"carousel_recent_post prsc\">\n  <div class=\"recent_port_ctn\">\n    <div class=\"filter_img\"><a href=\"https:\/\/fundacionmfm.org\/en\/actividades\/feria-de-lectura-celarg\/\" class=\"ico_link\">\n      <img loading=\"lazy\" decoding=\"async\" width=\"586\" height=\"440\" src=\"https:\/\/fundacionmfm.org\/wp-content\/uploads\/2022\/09\/Feria-de-Lectura-CELARG-586x440.jpg\" class=\"attachment-586x440 size-586x440 wp-post-image\" alt=\"\" title=\"\" \/>      <\/a>\n      <a href=\"https:\/\/fundacionmfm.org\/wp-content\/uploads\/2022\/09\/Feria-de-Lectura-CELARG.jpg\" class=\"prettyPhoto port_img_link\"><span class='img_link'><\/span><\/a><a href='https:\/\/fundacionmfm.org\/en\/actividades\/feria-de-lectura-celarg\/' class='port_post_link'><span class='post_link'><h2 class='fw_port_link'>Feria de Lectura CELARG<\/h2><h3 class='fw_port_tag'><\/h3><\/span><\/a>    <\/div>\n<div class=\"port_details\">\n\t\t<h2><a href=\"https:\/\/fundacionmfm.org\/en\/actividades\/feria-de-lectura-celarg\/\">Feria de Lectura CELARG<\/a><\/h2>\n\t\t<h3><\/h3>\n        <\/div>\n  <\/div>\n<\/li>\n<\/ul>\n<\/div>\n<div class=\"clearfix\" style=\"padding-top:0px\"><\/div>\n\t\t<\/div> <\/div>\n\t<\/div> \n<\/div>","protected":false},"excerpt":{"rendered":"","protected":false},"author":1,"featured_media":0,"parent":0,"menu_order":0,"comment_status":"closed","ping_status":"closed","template":"","meta":{"footnotes":""},"class_list":["post-99","page","type-page","status-publish","hentry"],"_links":{"self":[{"href":"https:\/\/fundacionmfm.org\/en\/wp-json\/wp\/v2\/pages\/99","targetHints":{"allow":["GET"]}}],"collection":[{"href":"https:\/\/fundacionmfm.org\/en\/wp-json\/wp\/v2\/pages"}],"about":[{"href":"https:\/\/fundacionmfm.org\/en\/wp-json\/wp\/v2\/types\/page"}],"author":[{"embeddable":true,"href":"https:\/\/fundacionmfm.org\/en\/wp-json\/wp\/v2\/users\/1"}],"replies":[{"embeddable":true,"href":"https:\/\/fundacionmfm.org\/en\/wp-json\/wp\/v2\/comments?post=99"}],"version-history":[{"count":22,"href":"https:\/\/fundacionmfm.org\/en\/wp-json\/wp\/v2\/pages\/99\/revisions"}],"predecessor-version":[{"id":399,"href":"https:\/\/fundacionmfm.org\/en\/wp-json\/wp\/v2\/pages\/99\/revisions\/399"}],"wp:attachment":[{"href":"https:\/\/fundacionmfm.org\/en\/wp-json\/wp\/v2\/media?parent=99"}],"curies":[{"name":"wp","href":"https:\/\/api.w.org\/{rel}","templated":true}]}}