{"id":79,"date":"2022-09-15T15:13:33","date_gmt":"2022-09-15T15:13:33","guid":{"rendered":"https:\/\/fundacionmfm.org\/?page_id=79"},"modified":"2022-12-13T15:24:39","modified_gmt":"2022-12-13T15:24:39","slug":"actividades-culturales","status":"publish","type":"page","link":"https:\/\/fundacionmfm.org\/en\/actividades-culturales\/","title":{"rendered":"Actividades culturales"},"content":{"rendered":"<div   class=\"vc_row wpb_row vc_row-fluid vc_custom_1663766705364 full-width-section\">\n\t<div  class=\"vc_span12 wpb_column vc_column_container\"><div class=\"vc_column-inner\">\n\t\t<div class=\"wpb_wrapper\">\n\t\t\t<h2 style=\"font-size: 40px;color: #ffffff;text-align: left\" class=\"vc_custom_heading\" >Actividades culturales<\/h2>\n\t\t<\/div> <\/div>\n\t<\/div> \n<\/div><div   class=\"vc_row wpb_row vc_row-fluid vc_custom_1664391976891\">\n\t<div  class=\"vc_span12 wpb_column vc_column_container\"><div class=\"vc_column-inner\">\n\t\t<div class=\"wpb_wrapper\">\n\t\t\t<h2 style=\"font-size: 30px;color: #774a98;line-height: 1;text-align: center\" class=\"vc_custom_heading\" >ACOMP\u00c1\u00d1ANOS EN:<\/h2><script>jQuery.noConflict(); var $ = jQuery; <\/script><div id=\"randomk5vpy0ffmbxxlq9dticv_port\" class=\"portfolio\"><style type=\"text\/css\" >#randomk5vpy0ffmbxxlq9dticv_port .filter_type_1 #options .selected a,#randomk5vpy0ffmbxxlq9dticv_port .filter_type_1 #options a:hover{background:#774a98; border:1px solid #774a98; color:#fff;}#randomk5vpy0ffmbxxlq9dticv_port .filter_type_1 #options a{border:1px solid #ecf0f1}#randomk5vpy0ffmbxxlq9dticv_port .filter_type_1 #options a{background:#ffffff}#randomk5vpy0ffmbxxlq9dticv_port .filter_type_1 #options a{color:#000000}<\/style><style type=\"text\/css\" >#randomk5vpy0ffmbxxlq9dticv_port .portfolio_desc{ position:absolute; bottom:10%; width:100%; height:40px; padding:0; border:none!important; background:none!important; text-align:center; z-index:3; opacity:0;}#randomk5vpy0ffmbxxlq9dticv_port .element:hover .portfolio_desc{opacity:1; bottom:50%;}#randomk5vpy0ffmbxxlq9dticv_port  .element:hover .img_link{left:4px;  opacity:1;}#randomk5vpy0ffmbxxlq9dticv_port  .element:hover .post_link{right:4px; opacity:1;}#randomk5vpy0ffmbxxlq9dticv_port .element:hover .port_overlay{ background:#fff; opacity:1;}#randomk5vpy0ffmbxxlq9dticv_port .portfolio_desc{margin-bottom:-20px;}.img_link,.post_link{display:none;}<\/style><div class=\"portfolio_block image-grid columns4 port_type_3 rd_hover_white thumbnail_type_1\" id=\"list\"><div data-category=\"\" class=\"element\">\n\t\t<div class=\"filter_img\">\n\t\t<div class=\"port_thumb_ctn\">\n\t\t<div class=\"port_overlay\"><\/div>\n        <a _self href=\"https:\/\/fundacionmfm.org\/en\/actividades\/feria-de-lectura-los-caobos\/\" target=\"_self\" class=\"ico_link\"><img loading=\"lazy\" decoding=\"async\" width=\"640\" height=\"400\" src=\"https:\/\/fundacionmfm.org\/wp-content\/uploads\/2022\/09\/Feria-de-Lectura-PLC-640x400.jpg\" class=\"attachment-portfolio_tn size-portfolio_tn wp-post-image\" alt=\"\" \/>\n\t\t<\/a><figcaption><div>\n\t\t<h2>Feria de Lectura Los Caobos<\/h2>\n\t\t<p><\/p>\n\t\t<\/div>\n\t\t<a href=\"https:\/\/fundacionmfm.org\/en\/actividades\/feria-de-lectura-los-caobos\/\" target=\"_self\">View more<\/a>\n\t\t<\/figcaption><a href=\"https:\/\/fundacionmfm.org\/wp-content\/uploads\/2022\/09\/Feria-de-Lectura-PLC.jpg\" class=\"prettyPhoto port_img_link\"><span class='img_link'><\/span><\/a><a href='https:\/\/fundacionmfm.org\/en\/actividades\/feria-de-lectura-los-caobos\/' target='_self' class='port_post_link'><span class='post_link'><h2 class='fw_port_link'>Feria de Lectura Los Caobos<\/h2><h3 class='fw_port_tag'><\/h3><\/span><\/a><div class=\"portfolio_desc\">\n\t\t<h2><a href=\"https:\/\/fundacionmfm.org\/en\/actividades\/feria-de-lectura-los-caobos\/\" target=\"_self\">Feria de Lectura Los Caobos<\/a><\/h2>\n\t\t<h3><\/h3>\n        <\/div>\n\t\t<\/div><!-- port_thumb_ctn END -->\n\t\t<\/div><!-- Filter img END --><div class=\"portfolio_sub_info\"><div class=\"isotope_portfolio_name\">Feria de Lectura Los Caobos<\/div><div class=\"isotope_portfolio_date\">2022-09-28<\/div><\/div><\/div><!-- element END --><div data-category=\"\" class=\"element\">\n\t\t<div class=\"filter_img\">\n\t\t<div class=\"port_thumb_ctn\">\n\t\t<div class=\"port_overlay\"><\/div>\n        <a _self href=\"https:\/\/fundacionmfm.org\/en\/actividades\/feria-de-lectura-el-cafetal-2\/\" target=\"_self\" class=\"ico_link\"><img loading=\"lazy\" decoding=\"async\" width=\"640\" height=\"400\" src=\"https:\/\/fundacionmfm.org\/wp-content\/uploads\/2022\/09\/Feria-de-Lectura-ECFTL-640x400.jpg\" class=\"attachment-portfolio_tn size-portfolio_tn wp-post-image\" alt=\"\" \/>\n\t\t<\/a><figcaption><div>\n\t\t<h2>Feria de Lectura El Cafetal 2<\/h2>\n\t\t<p><\/p>\n\t\t<\/div>\n\t\t<a href=\"https:\/\/fundacionmfm.org\/en\/actividades\/feria-de-lectura-el-cafetal-2\/\" target=\"_self\">View more<\/a>\n\t\t<\/figcaption><a href=\"https:\/\/fundacionmfm.org\/wp-content\/uploads\/2022\/09\/Feria-de-Lectura-ECFTL.jpg\" class=\"prettyPhoto port_img_link\"><span class='img_link'><\/span><\/a><a href='https:\/\/fundacionmfm.org\/en\/actividades\/feria-de-lectura-el-cafetal-2\/' target='_self' class='port_post_link'><span class='post_link'><h2 class='fw_port_link'>Feria de Lectura El Cafetal 2<\/h2><h3 class='fw_port_tag'><\/h3><\/span><\/a><div class=\"portfolio_desc\">\n\t\t<h2><a href=\"https:\/\/fundacionmfm.org\/en\/actividades\/feria-de-lectura-el-cafetal-2\/\" target=\"_self\">Feria de Lectura El Cafetal 2<\/a><\/h2>\n\t\t<h3><\/h3>\n        <\/div>\n\t\t<\/div><!-- port_thumb_ctn END -->\n\t\t<\/div><!-- Filter img END --><div class=\"portfolio_sub_info\"><div class=\"isotope_portfolio_name\">Feria de Lectura El Cafetal 2<\/div><div class=\"isotope_portfolio_date\">2022-09-28<\/div><\/div><\/div><!-- element END --><div data-category=\"\" class=\"element\">\n\t\t<div class=\"filter_img\">\n\t\t<div class=\"port_thumb_ctn\">\n\t\t<div class=\"port_overlay\"><\/div>\n        <a _self href=\"https:\/\/fundacionmfm.org\/en\/actividades\/feria-de-lectura-baruta\/\" target=\"_self\" class=\"ico_link\"><img loading=\"lazy\" decoding=\"async\" width=\"640\" height=\"400\" src=\"https:\/\/fundacionmfm.org\/wp-content\/uploads\/2022\/09\/Feria-de-Lectura-baruta-cultural-640x400.jpg\" class=\"attachment-portfolio_tn size-portfolio_tn wp-post-image\" alt=\"\" \/>\n\t\t<\/a><figcaption><div>\n\t\t<h2>Feria de Lectura Baruta<\/h2>\n\t\t<p><\/p>\n\t\t<\/div>\n\t\t<a href=\"https:\/\/fundacionmfm.org\/en\/actividades\/feria-de-lectura-baruta\/\" target=\"_self\">View more<\/a>\n\t\t<\/figcaption><a href=\"https:\/\/fundacionmfm.org\/wp-content\/uploads\/2022\/09\/Feria-de-Lectura-baruta-cultural.jpg\" class=\"prettyPhoto port_img_link\"><span class='img_link'><\/span><\/a><a href='https:\/\/fundacionmfm.org\/en\/actividades\/feria-de-lectura-baruta\/' target='_self' class='port_post_link'><span class='post_link'><h2 class='fw_port_link'>Feria de Lectura Baruta<\/h2><h3 class='fw_port_tag'><\/h3><\/span><\/a><div class=\"portfolio_desc\">\n\t\t<h2><a href=\"https:\/\/fundacionmfm.org\/en\/actividades\/feria-de-lectura-baruta\/\" target=\"_self\">Feria de Lectura Baruta<\/a><\/h2>\n\t\t<h3><\/h3>\n        <\/div>\n\t\t<\/div><!-- port_thumb_ctn END -->\n\t\t<\/div><!-- Filter img END --><div class=\"portfolio_sub_info\"><div class=\"isotope_portfolio_name\">Feria de Lectura Baruta<\/div><div class=\"isotope_portfolio_date\">2022-09-28<\/div><\/div><\/div><!-- element END --><div data-category=\"\" class=\"element\">\n\t\t<div class=\"filter_img\">\n\t\t<div class=\"port_thumb_ctn\">\n\t\t<div class=\"port_overlay\"><\/div>\n        <a _self href=\"https:\/\/fundacionmfm.org\/en\/actividades\/feria-de-lectura-pque-francisco-de-miranda\/\" target=\"_self\" class=\"ico_link\"><img loading=\"lazy\" decoding=\"async\" width=\"640\" height=\"400\" src=\"https:\/\/fundacionmfm.org\/wp-content\/uploads\/2022\/09\/Feria-de-Lectura-PFM-640x400.jpg\" class=\"attachment-portfolio_tn size-portfolio_tn wp-post-image\" alt=\"\" \/>\n\t\t<\/a><figcaption><div>\n\t\t<h2>Feria de Lectura Pque Francisco de Miranda<\/h2>\n\t\t<p><\/p>\n\t\t<\/div>\n\t\t<a href=\"https:\/\/fundacionmfm.org\/en\/actividades\/feria-de-lectura-pque-francisco-de-miranda\/\" target=\"_self\">View more<\/a>\n\t\t<\/figcaption><a href=\"https:\/\/fundacionmfm.org\/wp-content\/uploads\/2022\/09\/Feria-de-Lectura-PFM.jpg\" class=\"prettyPhoto port_img_link\"><span class='img_link'><\/span><\/a><a href='https:\/\/fundacionmfm.org\/en\/actividades\/feria-de-lectura-pque-francisco-de-miranda\/' target='_self' class='port_post_link'><span class='post_link'><h2 class='fw_port_link'>Feria de Lectura Pque Francisco de Miranda<\/h2><h3 class='fw_port_tag'><\/h3><\/span><\/a><div class=\"portfolio_desc\">\n\t\t<h2><a href=\"https:\/\/fundacionmfm.org\/en\/actividades\/feria-de-lectura-pque-francisco-de-miranda\/\" target=\"_self\">Feria de Lectura Pque Francisco de Miranda<\/a><\/h2>\n\t\t<h3><\/h3>\n        <\/div>\n\t\t<\/div><!-- port_thumb_ctn END -->\n\t\t<\/div><!-- Filter img END --><div class=\"portfolio_sub_info\"><div class=\"isotope_portfolio_name\">Feria de Lectura Pque Francisco de Miranda<\/div><div class=\"isotope_portfolio_date\">2022-09-28<\/div><\/div><\/div><!-- element END --><div data-category=\"\" class=\"element\">\n\t\t<div class=\"filter_img\">\n\t\t<div class=\"port_thumb_ctn\">\n\t\t<div class=\"port_overlay\"><\/div>\n        <a _self href=\"https:\/\/fundacionmfm.org\/en\/actividades\/feria-de-lectura-celarg\/\" target=\"_self\" class=\"ico_link\"><img loading=\"lazy\" decoding=\"async\" width=\"640\" height=\"400\" src=\"https:\/\/fundacionmfm.org\/wp-content\/uploads\/2022\/09\/Feria-de-Lectura-CELARG-640x400.jpg\" class=\"attachment-portfolio_tn size-portfolio_tn wp-post-image\" alt=\"\" \/>\n\t\t<\/a><figcaption><div>\n\t\t<h2>Feria de Lectura CELARG<\/h2>\n\t\t<p><\/p>\n\t\t<\/div>\n\t\t<a href=\"https:\/\/fundacionmfm.org\/en\/actividades\/feria-de-lectura-celarg\/\" target=\"_self\">View more<\/a>\n\t\t<\/figcaption><a href=\"https:\/\/fundacionmfm.org\/wp-content\/uploads\/2022\/09\/Feria-de-Lectura-CELARG.jpg\" class=\"prettyPhoto port_img_link\"><span class='img_link'><\/span><\/a><a href='https:\/\/fundacionmfm.org\/en\/actividades\/feria-de-lectura-celarg\/' target='_self' class='port_post_link'><span class='post_link'><h2 class='fw_port_link'>Feria de Lectura CELARG<\/h2><h3 class='fw_port_tag'><\/h3><\/span><\/a><div class=\"portfolio_desc\">\n\t\t<h2><a href=\"https:\/\/fundacionmfm.org\/en\/actividades\/feria-de-lectura-celarg\/\" target=\"_self\">Feria de Lectura CELARG<\/a><\/h2>\n\t\t<h3><\/h3>\n        <\/div>\n\t\t<\/div><!-- port_thumb_ctn END -->\n\t\t<\/div><!-- Filter img END --><div class=\"portfolio_sub_info\"><div class=\"isotope_portfolio_name\">Feria de Lectura CELARG<\/div><div class=\"isotope_portfolio_date\">2022-09-28<\/div><\/div><\/div><!-- element END --><div data-category=\"\" class=\"element\">\n\t\t<div class=\"filter_img\">\n\t\t<div class=\"port_thumb_ctn\">\n\t\t<div class=\"port_overlay\"><\/div>\n        <a _self href=\"https:\/\/fundacionmfm.org\/en\/actividades\/feria-de-lectura-el-cafetal\/\" target=\"_self\" class=\"ico_link\"><img loading=\"lazy\" decoding=\"async\" width=\"640\" height=\"400\" src=\"https:\/\/fundacionmfm.org\/wp-content\/uploads\/2022\/09\/Feria-de-Lectura-ECFTL-640x400.jpg\" class=\"attachment-portfolio_tn size-portfolio_tn wp-post-image\" alt=\"\" \/>\n\t\t<\/a><figcaption><div>\n\t\t<h2>Feria de Lectura El Cafetal<\/h2>\n\t\t<p><\/p>\n\t\t<\/div>\n\t\t<a href=\"https:\/\/fundacionmfm.org\/en\/actividades\/feria-de-lectura-el-cafetal\/\" target=\"_self\">View more<\/a>\n\t\t<\/figcaption><a href=\"https:\/\/fundacionmfm.org\/wp-content\/uploads\/2022\/09\/Feria-de-Lectura-ECFTL.jpg\" class=\"prettyPhoto port_img_link\"><span class='img_link'><\/span><\/a><a href='https:\/\/fundacionmfm.org\/en\/actividades\/feria-de-lectura-el-cafetal\/' target='_self' class='port_post_link'><span class='post_link'><h2 class='fw_port_link'>Feria de Lectura El Cafetal<\/h2><h3 class='fw_port_tag'><\/h3><\/span><\/a><div class=\"portfolio_desc\">\n\t\t<h2><a href=\"https:\/\/fundacionmfm.org\/en\/actividades\/feria-de-lectura-el-cafetal\/\" target=\"_self\">Feria de Lectura El Cafetal<\/a><\/h2>\n\t\t<h3><\/h3>\n        <\/div>\n\t\t<\/div><!-- port_thumb_ctn END -->\n\t\t<\/div><!-- Filter img END --><div class=\"portfolio_sub_info\"><div class=\"isotope_portfolio_name\">Feria de Lectura El Cafetal<\/div><div class=\"isotope_portfolio_date\">2022-09-28<\/div><\/div><\/div><!-- element END --><div data-category=\"\" class=\"element\">\n\t\t<div class=\"filter_img\">\n\t\t<div class=\"port_thumb_ctn\">\n\t\t<div class=\"port_overlay\"><\/div>\n        <a _self href=\"https:\/\/fundacionmfm.org\/en\/actividades\/feria-de-lectura-parque-los-caobos\/\" target=\"_self\" class=\"ico_link\"><img loading=\"lazy\" decoding=\"async\" width=\"640\" height=\"400\" src=\"https:\/\/fundacionmfm.org\/wp-content\/uploads\/2022\/09\/Feria-de-Lectura-PLC-640x400.jpg\" class=\"attachment-portfolio_tn size-portfolio_tn wp-post-image\" alt=\"\" \/>\n\t\t<\/a><figcaption><div>\n\t\t<h2>Feria de lectura Parque Los Caobos<\/h2>\n\t\t<p><\/p>\n\t\t<\/div>\n\t\t<a href=\"https:\/\/fundacionmfm.org\/en\/actividades\/feria-de-lectura-parque-los-caobos\/\" target=\"_self\">View more<\/a>\n\t\t<\/figcaption><a href=\"https:\/\/fundacionmfm.org\/wp-content\/uploads\/2022\/09\/Feria-de-Lectura-PLC.jpg\" class=\"prettyPhoto port_img_link\"><span class='img_link'><\/span><\/a><a href='https:\/\/fundacionmfm.org\/en\/actividades\/feria-de-lectura-parque-los-caobos\/' target='_self' class='port_post_link'><span class='post_link'><h2 class='fw_port_link'>Feria de lectura Parque Los Caobos<\/h2><h3 class='fw_port_tag'><\/h3><\/span><\/a><div class=\"portfolio_desc\">\n\t\t<h2><a href=\"https:\/\/fundacionmfm.org\/en\/actividades\/feria-de-lectura-parque-los-caobos\/\" target=\"_self\">Feria de lectura Parque Los Caobos<\/a><\/h2>\n\t\t<h3><\/h3>\n        <\/div>\n\t\t<\/div><!-- port_thumb_ctn END -->\n\t\t<\/div><!-- Filter img END --><div class=\"portfolio_sub_info\"><div class=\"isotope_portfolio_name\">Feria de lectura Parque Los Caobos<\/div><div class=\"isotope_portfolio_date\">2022-09-28<\/div><\/div><\/div><!-- element END --><div data-category=\"\" class=\"element\">\n\t\t<div class=\"filter_img\">\n\t\t<div class=\"port_thumb_ctn\">\n\t\t<div class=\"port_overlay\"><\/div>\n        <a _self href=\"https:\/\/fundacionmfm.org\/en\/actividades\/feria-de-lectura-prueba\/\" target=\"_self\" class=\"ico_link\"><img loading=\"lazy\" decoding=\"async\" width=\"640\" height=\"400\" src=\"https:\/\/fundacionmfm.org\/wp-content\/uploads\/2022\/09\/WhatsApp-Image-2022-09-06-at-10.18.58-AM-640x400.jpeg\" class=\"attachment-portfolio_tn size-portfolio_tn wp-post-image\" alt=\"\" \/>\n\t\t<\/a><figcaption><div>\n\t\t<h2>Feria de Lectura prueba<\/h2>\n\t\t<p><\/p>\n\t\t<\/div>\n\t\t<a href=\"https:\/\/fundacionmfm.org\/en\/actividades\/feria-de-lectura-prueba\/\" target=\"_self\">View more<\/a>\n\t\t<\/figcaption><a href=\"https:\/\/fundacionmfm.org\/wp-content\/uploads\/2022\/09\/WhatsApp-Image-2022-09-06-at-10.18.58-AM.jpeg\" class=\"prettyPhoto port_img_link\"><span class='img_link'><\/span><\/a><a href='https:\/\/fundacionmfm.org\/en\/actividades\/feria-de-lectura-prueba\/' target='_self' class='port_post_link'><span class='post_link'><h2 class='fw_port_link'>Feria de Lectura prueba<\/h2><h3 class='fw_port_tag'><\/h3><\/span><\/a><div class=\"portfolio_desc\">\n\t\t<h2><a href=\"https:\/\/fundacionmfm.org\/en\/actividades\/feria-de-lectura-prueba\/\" target=\"_self\">Feria de Lectura prueba<\/a><\/h2>\n\t\t<h3><\/h3>\n        <\/div>\n\t\t<\/div><!-- port_thumb_ctn END -->\n\t\t<\/div><!-- Filter img END --><div class=\"portfolio_sub_info\"><div class=\"isotope_portfolio_name\">Feria de Lectura prueba<\/div><div class=\"isotope_portfolio_date\">2022-09-15<\/div><\/div><\/div><!-- element END -->\n\n                <\/div><!-- .portfolio_block -->\n\n                <div class=\"rd_clear\"><!-- ClearFix --><\/div><\/div>  <script>\n\n\n\njQuery.noConflict();\njQuery(document).ready(function($){\n\"use strict\";\n            \n $(window).load(function(){\n\n\t$(\"#randomk5vpy0ffmbxxlq9dticv_port .optionset li a\").each(function() {\n\n\t\t\t\t\t\t\t\tvar filter_class = $(this).attr('data-option-value');\n\t\t\t\t\t\t\t\t if ($('#randomk5vpy0ffmbxxlq9dticv_port').find(filter_class).length){ \/\/ implies *not* zero\n\t\t\t\t\t\t\t\t$(this).parent('li').show();\n\t\t\t\t\t\t\t\t }else{\n\t\t\t\t\t\t\t\t$(this).parent('li').hide();\n\t\t\t\t\t\t\t\t }\n\n\n\t\t\t\t\t\t\t\t});\n\n                            $('#portfolio-tags').css('opacity','1');\nfunction watchport() {\n\n$(\"#randomk5vpy0ffmbxxlq9dticv_port .portfolio_block\").isotope('layout');\n\t\t\t\n}\n\nsetInterval(watchport, 100);\n\n\n\n                });\n\n                });\n            <\/script>\n  \n\t\t<\/div> <\/div>\n\t<\/div> \n<\/div><div   class=\"vc_row wpb_row vc_row-fluid vc_custom_1670944155431 vc_row-o-content-middle full-width-section\" style=\"color:#ffffff;\">\n\t<div  class=\"vc_span8 wpb_column vc_column_container rda_fadeInLeft\"><div class=\"vc_column-inner\">\n\t\t<div class=\"wpb_wrapper\">\n\t\t\t<h2 style=\"font-size: 30px;color: #ffffff;line-height: 0;text-align: left\" class=\"vc_custom_heading\" >DONA UN LIBRO<\/h2>\n\t<div class=\"wpb_text_column wpb_content_element   ct_ytekce4h2a1nvkmk9yzi\" >\n\t\t<div class=\"wpb_wrapper\" >\n\t\t\t<p><strong>Servicio completamente gratuito mediante el cual recibimos tus libros usados en buen estado, sigue el enlace y escoge la opci\u00f3n m\u00e1s c\u00f3moda para ti.<\/strong><\/p>\n\n\t\t<\/div> \n\t<\/div> <style type=\"text\/css\" >#b_2p88ixsf906yhoj1rney a{color:#774a98; background:#ffffff; margin-top:0px; margin-bottom:0px;  margin-left:0px; margin-right:0px; font-weight:700; border-radius:50px;}#b_2p88ixsf906yhoj1rney a:hover{color: ; background: ;}<\/style><div class=\"ta_left tf_btn_pos\" id=\"b_2p88ixsf906yhoj1rney\" ><a class=\"rd_normal_bt medium_rd_bt\" href=\"\/en\/dona-un-libro\/\" target=\"\"   >DONA EN L\u00cdNEA<\/a><\/div>\n\t\t<\/div> <\/div>\n\t<\/div> \n\n\t<div  class=\"vc_span4 wpb_column vc_column_container rda_fadeInRight\"><div class=\"vc_column-inner\">\n\t\t<div class=\"wpb_wrapper\">\n\t\t\t\n\t<div  class=\"wpb_single_image wpb_content_element vc_align_left\">\n\t\t<div class=\"wpb_wrapper\">\n\t\t\t\n\t\t\t<div class=\"vc_single_image-wrapper   vc_box_border_grey\"><img loading=\"lazy\" decoding=\"async\" width=\"600\" height=\"600\" src=\"https:\/\/fundacionmfm.org\/wp-content\/uploads\/2022\/09\/FundacionMFM-van-600x600-1.png\" class=\"vc_single_image-img attachment-large\" alt=\"\" title=\"FundacionMFM-van-600x600\" srcset=\"https:\/\/fundacionmfm.org\/wp-content\/uploads\/2022\/09\/FundacionMFM-van-600x600-1.png 600w, https:\/\/fundacionmfm.org\/wp-content\/uploads\/2022\/09\/FundacionMFM-van-600x600-1-300x300.png 300w, https:\/\/fundacionmfm.org\/wp-content\/uploads\/2022\/09\/FundacionMFM-van-600x600-1-150x150.png 150w, https:\/\/fundacionmfm.org\/wp-content\/uploads\/2022\/09\/FundacionMFM-van-600x600-1-12x12.png 12w, https:\/\/fundacionmfm.org\/wp-content\/uploads\/2022\/09\/FundacionMFM-van-600x600-1-768x768.png 768w, https:\/\/fundacionmfm.org\/wp-content\/uploads\/2022\/09\/FundacionMFM-van-600x600-1-570x570.png 570w\" sizes=\"auto, (max-width: 600px) 100vw, 600px\" \/><\/div>\n\t\t<\/div>\n\t<\/div>\n\n\t\t<\/div> <\/div>\n\t<\/div> \n<\/div><div   class=\"vc_row wpb_row vc_row-fluid vc_custom_1663203429714 vc_row-o-content-middle\">\n\t<div  class=\"vc_span6 wpb_column vc_column_container rda_fadeInLeft\"><div class=\"vc_column-inner\">\n\t\t<div class=\"wpb_wrapper\">\n\t\t\t<h2 style=\"font-size: 30px;color: #32c0e7;line-height: 1;text-align: left\" class=\"vc_custom_heading\" >ADOPTA UN LIBRO<\/h2>\n\t<div class=\"wpb_text_column wpb_content_element   ct_oobh8cv6ll5469d5zr5e\" >\n\t\t<div class=\"wpb_wrapper\" >\n\t\t\t<p><strong>Servicio completamente gratuito que te permite obtener un libro a trav\u00e9s de diferente medios, sigue el enlace y escoge la opci\u00f3n m\u00e1s c\u00f3moda para ti.<\/strong><\/p>\n\n\t\t<\/div> \n\t<\/div> <style type=\"text\/css\" >#b_i8bvq4l8hu5q5h6rbsjt a{color:#ffffff; background:#32c0e7; margin-top:0px; margin-bottom:0px;  margin-left:0px; margin-right:0px; font-weight:700; border-radius:50px;}#b_i8bvq4l8hu5q5h6rbsjt a:hover{color: ; background: ;}<\/style><div class=\"ta_left tf_btn_pos\" id=\"b_i8bvq4l8hu5q5h6rbsjt\" ><a class=\"rd_normal_bt medium_rd_bt\" href=\"\/en\/catalogo\/\" target=\"\"   >CAT\u00c1LOGO EN L\u00cdNEA<\/a><\/div>\n\t\t<\/div> <\/div>\n\t<\/div> \n\n\t<div  class=\"vc_span6 wpb_column vc_column_container\"><div class=\"vc_column-inner\">\n\t\t<div class=\"wpb_wrapper\">\n\t\t\t\n\t<div  class=\"wpb_single_image wpb_content_element vc_align_center rda_fadeInRight\">\n\t\t<div class=\"wpb_wrapper\">\n\t\t\t\n\t\t\t<div class=\"vc_single_image-wrapper   vc_box_border_grey\"><img loading=\"lazy\" decoding=\"async\" width=\"488\" height=\"452\" src=\"https:\/\/fundacionmfm.org\/wp-content\/uploads\/2022\/09\/FundacionMFM-Adopta-un-libro.png\" class=\"vc_single_image-img attachment-full\" alt=\"\" title=\"FundacionMFM-Adopta un libro\" srcset=\"https:\/\/fundacionmfm.org\/wp-content\/uploads\/2022\/09\/FundacionMFM-Adopta-un-libro.png 488w, https:\/\/fundacionmfm.org\/wp-content\/uploads\/2022\/09\/FundacionMFM-Adopta-un-libro-300x278.png 300w, https:\/\/fundacionmfm.org\/wp-content\/uploads\/2022\/09\/FundacionMFM-Adopta-un-libro-13x12.png 13w\" sizes=\"auto, (max-width: 488px) 100vw, 488px\" \/><\/div>\n\t\t<\/div>\n\t<\/div>\n\n\t\t<\/div> <\/div>\n\t<\/div> \n<\/div>","protected":false},"excerpt":{"rendered":"<p>Lorem ipsum dolor sit amet, consectetur adipiscing elit. Curabitur commodo nisl at pharetra varius. Proin pretium ex vitae ipsum sagittis, sed fermentum sem mattis. Nam quis sagittis urna, id lobortis arcu. Aenean eu leo vel justo tristique rutrum. Phasellus maximus massa tempus diam accumsan, quis suscipit magna hendrerit. Integer ut nisi eu dui commodo iaculis<br \/><a href=\"https:\/\/fundacionmfm.org\/en\/actividades\/feria-de-lectura-prueba\/\" class=\"more\">Read more<\/a><\/p>","protected":false},"author":1,"featured_media":0,"parent":0,"menu_order":0,"comment_status":"closed","ping_status":"closed","template":"","meta":{"footnotes":""},"class_list":["post-79","page","type-page","status-publish","hentry"],"_links":{"self":[{"href":"https:\/\/fundacionmfm.org\/en\/wp-json\/wp\/v2\/pages\/79","targetHints":{"allow":["GET"]}}],"collection":[{"href":"https:\/\/fundacionmfm.org\/en\/wp-json\/wp\/v2\/pages"}],"about":[{"href":"https:\/\/fundacionmfm.org\/en\/wp-json\/wp\/v2\/types\/page"}],"author":[{"embeddable":true,"href":"https:\/\/fundacionmfm.org\/en\/wp-json\/wp\/v2\/users\/1"}],"replies":[{"embeddable":true,"href":"https:\/\/fundacionmfm.org\/en\/wp-json\/wp\/v2\/comments?post=79"}],"version-history":[{"count":10,"href":"https:\/\/fundacionmfm.org\/en\/wp-json\/wp\/v2\/pages\/79\/revisions"}],"predecessor-version":[{"id":402,"href":"https:\/\/fundacionmfm.org\/en\/wp-json\/wp\/v2\/pages\/79\/revisions\/402"}],"wp:attachment":[{"href":"https:\/\/fundacionmfm.org\/en\/wp-json\/wp\/v2\/media?parent=79"}],"curies":[{"name":"wp","href":"https:\/\/api.w.org\/{rel}","templated":true}]}}