{"id":5,"date":"2022-09-13T13:50:49","date_gmt":"2022-09-13T13:50:49","guid":{"rendered":"https:\/\/fundacionmfm.org\/?page_id=5"},"modified":"2023-01-25T00:12:28","modified_gmt":"2023-01-25T00:12:28","slug":"fundacion-mfm","status":"publish","type":"page","link":"https:\/\/fundacionmfm.org\/en\/","title":{"rendered":"Fundaci\u00f3n MFM"},"content":{"rendered":"<div   class=\"vc_row wpb_row vc_row-fluid vc_custom_1663203429714 vc_row-o-content-middle\">\n\t<div  class=\"vc_span6 wpb_column vc_column_container rda_fadeInLeft\"><div class=\"vc_column-inner\">\n\t\t<div class=\"wpb_wrapper\">\n\t\t\t<h2 style=\"font-size: 30px;color: #32c0e7;line-height: 1;text-align: left\" class=\"vc_custom_heading\" >ADOPTA UN LIBRO<\/h2>\n\t<div class=\"wpb_text_column wpb_content_element   ct_d218yl6bwcby2tp0k5tj\" >\n\t\t<div class=\"wpb_wrapper\" >\n\t\t\t<p><strong>Servicio completamente gratuito que te permite obtener un libro a trav\u00e9s de diferente medios, sigue el enlace y escoge la opci\u00f3n m\u00e1s c\u00f3moda para ti.<\/strong><\/p>\n\n\t\t<\/div> \n\t<\/div> <style type=\"text\/css\" >#b_rfnq3nvqxjwt3tp5xokv a{color:#ffffff; background:#32c0e7; margin-top:0px; margin-bottom:0px;  margin-left:0px; margin-right:0px; font-weight:700; border-radius:50px;}#b_rfnq3nvqxjwt3tp5xokv a:hover{color: ; background: ;}<\/style><div class=\"ta_left tf_btn_pos\" id=\"b_rfnq3nvqxjwt3tp5xokv\" ><a class=\"rd_normal_bt medium_rd_bt\" href=\"\/en\/adopta-un-libro\/\" target=\"\"   >ADOPTA<\/a><\/div>\n\t\t<\/div> <\/div>\n\t<\/div> \n\n\t<div  class=\"vc_span6 wpb_column vc_column_container\"><div class=\"vc_column-inner\">\n\t\t<div class=\"wpb_wrapper\">\n\t\t\t\n\t<div  class=\"wpb_single_image wpb_content_element vc_align_center rda_fadeInRight\">\n\t\t<div class=\"wpb_wrapper\">\n\t\t\t\n\t\t\t<div class=\"vc_single_image-wrapper   vc_box_border_grey\"><img loading=\"lazy\" decoding=\"async\" width=\"488\" height=\"452\" src=\"https:\/\/fundacionmfm.org\/wp-content\/uploads\/2022\/09\/FundacionMFM-Adopta-un-libro.png\" class=\"vc_single_image-img attachment-full\" alt=\"\" title=\"FundacionMFM-Adopta un libro\" srcset=\"https:\/\/fundacionmfm.org\/wp-content\/uploads\/2022\/09\/FundacionMFM-Adopta-un-libro.png 488w, https:\/\/fundacionmfm.org\/wp-content\/uploads\/2022\/09\/FundacionMFM-Adopta-un-libro-300x278.png 300w, https:\/\/fundacionmfm.org\/wp-content\/uploads\/2022\/09\/FundacionMFM-Adopta-un-libro-13x12.png 13w\" sizes=\"auto, (max-width: 488px) 100vw, 488px\" \/><\/div>\n\t\t<\/div>\n\t<\/div>\n\n\t\t<\/div> <\/div>\n\t<\/div> \n<\/div><div   class=\"vc_row wpb_row vc_row-fluid vc_custom_1663249476229 vc_row-o-content-middle full-width-section\" style=\"color:#ffffff;\">\n\t<div  class=\"vc_span12 wpb_column vc_column_container\"><div class=\"vc_column-inner\">\n\t\t<div class=\"wpb_wrapper\">\n\t\t\t<h2 style=\"font-size: 30px;color: #ffffff;line-height: 1;text-align: center\" class=\"vc_custom_heading\" >\u00bfQU\u00c9 LEER?<\/h2>\n\t<div class=\"wpb_text_column wpb_content_element   ct_u02damxnuj87s7h2961k\" >\n\t\t<div class=\"wpb_wrapper\" >\n\t\t\t<p style=\"text-align: center;\"><strong>Mariana Flores Melo, directora de la fundaci\u00f3n, c\u00f3mo \u00e1vida lectora que es, se presta para comentarte sobre sus libros favoritos, los m\u00e1s impactantes, los autores cl\u00e1sicos, los nuevos talentos; descubre junto con ella lo mejor del mundo de la literatura.<\/strong><\/p>\n\n\t\t<\/div> \n\t<\/div> \n\t\t<\/div> <\/div>\n\t<\/div> \n<\/div><div   class=\"vc_row wpb_row vc_row-fluid\">\n\t<div  class=\"vc_span12 wpb_column vc_column_container\"><div class=\"vc_column-inner\">\n\t\t<div class=\"wpb_wrapper\">\n\t\t\t<div class=\"clearfix\" style=\"padding-top:0px\"><\/div><style type=\"text\/css\" >.rd_o3gw7dpbdhmrvvykyyq7 .post-title h2 a{color:#000000;}.rd_o3gw7dpbdhmrvvykyyq7 .post-info,.rd_o3gw7dpbdhmrvvykyyq7 .post-info a,.rd_o3gw7dpbdhmrvvykyyq7 .entry{color:#000000;}.rd_o3gw7dpbdhmrvvykyyq7 .post-title h2 a:hover{color:#774a98;}.rd_o3gw7dpbdhmrvvykyyq7 .post-info a:hover,.rd_o3gw7dpbdhmrvvykyyq7 .entry a:hover{color:#774a98;}<\/style>\n\t\t<script type=\"text\/javascript\" charset=\"utf-8\">\n\t\tjQuery.noConflict();\n\t\t\n\t\/\/setup up Carousel\n\t\tjQuery(document).ready(function($){\n\t\t\t\n\t\t\t\"use strict\";\n\t\t\t\n\t\t\t$(window).load(function(){\n\t\t$(\".rd_o3gw7dpbdhmrvvykyyq7.rp_sc ul\").carouFredSel({\n\t\t\t\t\tresponsive: true,\n\t\t\t\t\twidth: \"100%\",\n\t\t\t\t\t\theight: \"variable\",scroll:  { items:1,duration: 800},\n\t\t\t\t\tauto: true,prev: \".rd_o3gw7dpbdhmrvvykyyq7.rp_left\",\n\t\t\t\t\tnext: \".rd_o3gw7dpbdhmrvvykyyq7.rp_right\",swipe       : {\n             \t\t   onTouch     : true,\n\t\t               onMouse     : false\n        \t\t    },\n\t\t\t\t\titems: {\n\t\t\t\t\t\twidth: 270,\n\t\t\t\t\t\theight: \"variable\",\n\t\t\t\t\t\tvisible: {\n\t\t\t\t\t\t\tmin: 1,\n\t\t\t\t\t\t\tmax: 4\n\t\t\t\t\t\t}\n\t\t\t\t\t}\n\t\t\t\t});\n\t\t\t\t});\n\t\t\t\t});\n\t<\/script><div class=\"rd_o3gw7dpbdhmrvvykyyq7 rp_sc cbp_type03\"><div class=\"rp_nav\">\n  <p class=\"rd_o3gw7dpbdhmrvvykyyq7 rp_left\"><\/p>\n  <p class=\"rd_o3gw7dpbdhmrvvykyyq7 rp_right\"><\/p>\n<\/div><ul>\n <li class=\"blog_related_post brsc\">\n      \n     <div class=\"post\">\n\n<div class='post-attachement'><img loading=\"lazy\" decoding=\"async\" width=\"600\" height=\"490\" src=\"https:\/\/fundacionmfm.org\/wp-content\/uploads\/2022\/10\/RAYUELA-Julio-Cortazar-FundacionMFM-600x490.png\" class=\"attachment-600x490 size-600x490 wp-post-image\" alt=\"\" \/><\/div><div class='sep_25'><\/div>  <div class=\"post_ctn\"> \n    <!-- .title -->\n    <div class=\"post-title\">\n      <h2><a href=\"https:\/\/fundacionmfm.org\/en\/que-leer\/rayuelala-obra-maestra-de-julio-cortazar\/\" title=\"Rayuela,La obra maestra de Julio Cort\u00e1zar\">\n        Rayuela,La obra maestra de Julio Cort\u00e1zar        <\/a><\/h2>\n    <\/div>\n     <!-- .title END--> \n     <!-- post-info-top -->     \n    <div class=\"post-info\">By Mariana MFM Fundaci\u00f3n    |    <a href=\"https:\/\/fundacionmfm.org\/en\/que-leer\/rayuelala-obra-maestra-de-julio-cortazar\/#respond\" class=\"comments-link\" >0 comment<\/a><\/div>\n     \n    <!-- post-info END-->     \n    <!-- .entry -->    \n    <div class=\"entry\">\n      <p>La publicaci\u00f3n de la novela conmocion\u00f3 el panorama cultural de su tiempo y supuso una verdadera revoluci\u00f3n en la narrativa en lengua<a href=\"https:\/\/fundacionmfm.org\/en\/que-leer\/rayuelala-obra-maestra-de-julio-cortazar\/\" class=\"more-link\">Read more<\/a><\/p>\n<p><\/p>    <\/div>   \n    <!-- .entry END --> \n     <\/div>\n\t<\/div>\n\t<!-- .post-content END--> \n\t<!-- .post END -->\n      <\/li>\n\n\n <li class=\"blog_related_post brsc\">\n      \n     <div class=\"post\">\n\n<div class='post-attachement'><img loading=\"lazy\" decoding=\"async\" width=\"600\" height=\"490\" src=\"https:\/\/fundacionmfm.org\/wp-content\/uploads\/2022\/10\/La-luz-de-los-angeles-de-Rafael-Nunez-600x490.png\" class=\"attachment-600x490 size-600x490 wp-post-image\" alt=\"\" \/><\/div><div class='sep_25'><\/div>  <div class=\"post_ctn\"> \n    <!-- .title -->\n    <div class=\"post-title\">\n      <h2><a href=\"https:\/\/fundacionmfm.org\/en\/que-leer\/la-luz-de-los-angeles-de-rafael-nunez\/\" title=\"La luz de los \u00e1ngeles de Rafael Nu\u00f1ez\">\n        La luz de los \u00e1ngeles de Rafael Nu\u00f1ez        <\/a><\/h2>\n    <\/div>\n     <!-- .title END--> \n     <!-- post-info-top -->     \n    <div class=\"post-info\">By Mariana MFM Fundaci\u00f3n    |    <a href=\"https:\/\/fundacionmfm.org\/en\/que-leer\/la-luz-de-los-angeles-de-rafael-nunez\/#respond\" class=\"comments-link\" >0 comment<\/a><\/div>\n     \n    <!-- post-info END-->     \n    <!-- .entry -->    \n    <div class=\"entry\">\n      <p>Se trata de un texto que explora lo que es el concepto de estos seres celestiales, haci\u00e9ndolo principalmente con las propias visiones<a href=\"https:\/\/fundacionmfm.org\/en\/que-leer\/la-luz-de-los-angeles-de-rafael-nunez\/\" class=\"more-link\">Read more<\/a><\/p>\n<p><\/p>    <\/div>   \n    <!-- .entry END --> \n     <\/div>\n\t<\/div>\n\t<!-- .post-content END--> \n\t<!-- .post END -->\n      <\/li>\n\n\n <li class=\"blog_related_post brsc\">\n      \n     <div class=\"post\">\n\n<div class='post-attachement'><img loading=\"lazy\" decoding=\"async\" width=\"600\" height=\"490\" src=\"https:\/\/fundacionmfm.org\/wp-content\/uploads\/2022\/10\/La-otra-busqueda-de-Rafael-Arraiz-FundacionMFM-600x490.png\" class=\"attachment-600x490 size-600x490 wp-post-image\" alt=\"\" \/><\/div><div class='sep_25'><\/div>  <div class=\"post_ctn\"> \n    <!-- .title -->\n    <div class=\"post-title\">\n      <h2><a href=\"https:\/\/fundacionmfm.org\/en\/que-leer\/la-otra-busqueda-de-rafael-arraiz\/\" title=\"La otra b\u00fasqueda de Rafael Arr\u00e1iz\">\n        La otra b\u00fasqueda de Rafael Arr\u00e1iz        <\/a><\/h2>\n    <\/div>\n     <!-- .title END--> \n     <!-- post-info-top -->     \n    <div class=\"post-info\">By Mariana MFM Fundaci\u00f3n    |    <a href=\"https:\/\/fundacionmfm.org\/en\/que-leer\/la-otra-busqueda-de-rafael-arraiz\/#respond\" class=\"comments-link\" >0 comment<\/a><\/div>\n     \n    <!-- post-info END-->     \n    <!-- .entry -->    \n    <div class=\"entry\">\n      <p>Rafael Arr\u00e1iz Lucca abre un par\u00e9ntesis en su vida de historiador y ensayista para ofrecernos este nutrido recuento de sus experiencias psicol\u00f3gicas<a href=\"https:\/\/fundacionmfm.org\/en\/que-leer\/la-otra-busqueda-de-rafael-arraiz\/\" class=\"more-link\">Read more<\/a><\/p>\n<p><\/p>    <\/div>   \n    <!-- .entry END --> \n     <\/div>\n\t<\/div>\n\t<!-- .post-content END--> \n\t<!-- .post END -->\n      <\/li>\n\n\n <li class=\"blog_related_post brsc\">\n      \n     <div class=\"post\">\n\n<div class='post-attachement'><img loading=\"lazy\" decoding=\"async\" width=\"600\" height=\"490\" src=\"https:\/\/fundacionmfm.org\/wp-content\/uploads\/2022\/10\/Utopia-de-Tomas-Moro-FundacionMFM-600x490.png\" class=\"attachment-600x490 size-600x490 wp-post-image\" alt=\"\" \/><\/div><div class='sep_25'><\/div>  <div class=\"post_ctn\"> \n    <!-- .title -->\n    <div class=\"post-title\">\n      <h2><a href=\"https:\/\/fundacionmfm.org\/en\/que-leer\/utopia-de-tomas-moro\/\" title=\"Utop\u00eda de Tom\u00e1s Moro\">\n        Utop\u00eda de Tom\u00e1s Moro        <\/a><\/h2>\n    <\/div>\n     <!-- .title END--> \n     <!-- post-info-top -->     \n    <div class=\"post-info\">By Mariana MFM Fundaci\u00f3n    |    <a href=\"https:\/\/fundacionmfm.org\/en\/que-leer\/utopia-de-tomas-moro\/#respond\" class=\"comments-link\" >0 comment<\/a><\/div>\n     \n    <!-- post-info END-->     \n    <!-- .entry -->    \n    <div class=\"entry\">\n      <p>Este libro es una cr\u00edtica al orden social establecido en la Europa del siglo XVI, que ha trascendido a su \u00e9poca. Tom\u00e1s<a href=\"https:\/\/fundacionmfm.org\/en\/que-leer\/utopia-de-tomas-moro\/\" class=\"more-link\">Read more<\/a><\/p>\n<p><\/p>    <\/div>   \n    <!-- .entry END --> \n     <\/div>\n\t<\/div>\n\t<!-- .post-content END--> \n\t<!-- .post END -->\n      <\/li>\n\n\n\n\n<\/ul>\n\n<\/div>\n\n<div class=\"clearfix\" style=\"padding-top:0px\"><\/div>\n\t\t<\/div> <\/div>\n\t<\/div> \n<\/div><div   class=\"vc_row wpb_row vc_row-fluid vc_custom_1674605546246 vc_row-o-content-middle full-width-section\" style=\"color:#ffffff;\">\n\t<div  class=\"vc_span8 wpb_column vc_column_container rda_fadeInLeft\"><div class=\"vc_column-inner vc_custom_1674605500874\">\n\t\t<div class=\"wpb_wrapper\">\n\t\t\t<h2 style=\"font-size: 30px;color: #ffffff;line-height: 0;text-align: left\" class=\"vc_custom_heading\" >DONA UN LIBRO<\/h2>\n\t<div class=\"wpb_text_column wpb_content_element   ct_zhtc2gv6soc4kt7fzjpg\" >\n\t\t<div class=\"wpb_wrapper\" >\n\t\t\t<p><strong>Servicio completamente gratuito mediante el cual recibimos tus libros usados en buen estado, sigue el enlace y escoge la opci\u00f3n m\u00e1s c\u00f3moda para ti.<\/strong><\/p>\n\n\t\t<\/div> \n\t<\/div> <style type=\"text\/css\" >#b_f36bnf3he8rvpuw90y7g a{color:#774a98; background:#ffffff; margin-top:0px; margin-bottom:0px;  margin-left:0px; margin-right:0px; font-weight:700; border-radius:50px;}#b_f36bnf3he8rvpuw90y7g a:hover{color: ; background: ;}<\/style><div class=\"ta_left tf_btn_pos\" id=\"b_f36bnf3he8rvpuw90y7g\" ><a class=\"rd_normal_bt medium_rd_bt\" href=\"\/en\/dona-un-libro\/\" target=\"\"   >DONA EN L\u00cdNEA<\/a><\/div>\n\t\t<\/div> <\/div>\n\t<\/div> \n\n\t<div  class=\"vc_span4 wpb_column vc_column_container rda_fadeInRight\"><div class=\"vc_column-inner\">\n\t\t<div class=\"wpb_wrapper\">\n\t\t\t\n\t<div  class=\"wpb_single_image wpb_content_element vc_align_left\">\n\t\t<div class=\"wpb_wrapper\">\n\t\t\t\n\t\t\t<div class=\"vc_single_image-wrapper   vc_box_border_grey\"><img loading=\"lazy\" decoding=\"async\" width=\"600\" height=\"600\" src=\"https:\/\/fundacionmfm.org\/wp-content\/uploads\/2022\/09\/FundacionMFM-van-600x600-1.png\" class=\"vc_single_image-img attachment-large\" alt=\"\" title=\"FundacionMFM-van-600x600\" srcset=\"https:\/\/fundacionmfm.org\/wp-content\/uploads\/2022\/09\/FundacionMFM-van-600x600-1.png 600w, https:\/\/fundacionmfm.org\/wp-content\/uploads\/2022\/09\/FundacionMFM-van-600x600-1-300x300.png 300w, https:\/\/fundacionmfm.org\/wp-content\/uploads\/2022\/09\/FundacionMFM-van-600x600-1-150x150.png 150w, https:\/\/fundacionmfm.org\/wp-content\/uploads\/2022\/09\/FundacionMFM-van-600x600-1-12x12.png 12w, https:\/\/fundacionmfm.org\/wp-content\/uploads\/2022\/09\/FundacionMFM-van-600x600-1-768x768.png 768w, https:\/\/fundacionmfm.org\/wp-content\/uploads\/2022\/09\/FundacionMFM-van-600x600-1-570x570.png 570w\" sizes=\"auto, (max-width: 600px) 100vw, 600px\" \/><\/div>\n\t\t<\/div>\n\t<\/div>\n\n\t\t<\/div> <\/div>\n\t<\/div> \n<\/div><div   class=\"vc_row wpb_row vc_row-fluid vc_custom_1663256694856\">\n\t<div  class=\"vc_span12 wpb_column vc_column_container rda_fadeInUp\"><div class=\"vc_column-inner\">\n\t\t<div class=\"wpb_wrapper\">\n\t\t\t<h2 style=\"font-size: 30px;color: #774a98;line-height: 1;text-align: left\" class=\"vc_custom_heading\" >ACTIVIDADES CULTURALES<\/h2><div class=\"clearfix\" style=\"padding-top:0px\"><\/div><style type=\"text\/css\" >.rd_43ly0bgso5e965j9p3hn .carousel_recent_post:nth-child(odd) .port_details{background:; }.rd_43ly0bgso5e965j9p3hn  .carousel_recent_post:nth-child(odd) .port_details:before{background:;}.rd_43ly0bgso5e965j9p3hn  .carousel_recent_post:nth-child(even) .port_details{background:; }.rd_43ly0bgso5e965j9p3hn  .carousel_recent_post:nth-child(even) .port_details:before{background:;}.rd_43ly0bgso5e965j9p3hn .carousel_recent_post:hover .port_details{background:;}.rd_43ly0bgso5e965j9p3hn .carousel_recent_post:hover .port_details:before{background:;}.rd_43ly0bgso5e965j9p3hn .port_details h2 a{color:;}.rd_43ly0bgso5e965j9p3hn .port_details h3{color:;}.rd_43ly0bgso5e965j9p3hn .carousel_recent_post:hover .port_details h2 a,.rd_43ly0bgso5e965j9p3hn .carousel_recent_post:hover .port_details h3{color:; }<\/style>\n\t\t<script type=\"text\/javascript\" charset=\"utf-8\">\n\t\tjQuery.noConflict();\t\t\n\t\t\n\t\/\/setup up Carousel\n\t\t\n\t\tjQuery(document).ready(function($) {\t\n\t\t\"use strict\";\n\t\t\n\t\t$(window).load(function(){\n\t\t$(\".rd_43ly0bgso5e965j9p3hn.jcarousel ul\").carouFredSel({\n\t\t\t\t\tresponsive: true,\n\t\t\t\t\twidth: \"100%\",scroll: 1,\n\t\t\t\t\tauto: false,prev: \".rd_43ly0bgso5e965j9p3hn.carousel_left\",\n\t\t\t\t\tnext: \".rd_43ly0bgso5e965j9p3hn.carousel_right\",items: {\n\t\t\t\t\t\twidth:399,\n\t\t\t\t\t\theight: \"100%\",\n\t\t\t\t\t \tswipe       : {\n             \t\t   \t\tonTouch     : true,\n\t\t               \t\tonMouse     : false\n        \t\t    \t},\n\t\t\t\t\t\tvisible: {\n\t\t\t\t\t\t\tmin: 1,\n\t\t\t\t\t\t\tmax: 3\n\t\t\t\t\t\t}\n\t\t\t\t\t\t\n\t\t\t\t\t}\n\t\t\t\t});\n\t\t\t\t});\n\t\t\t\t});\n\t<\/script><div class=\"rd_43ly0bgso5e965j9p3hn jcarousel rd_pc_2\"><div class=\"carousel_nav\">\n  <p class=\"rd_43ly0bgso5e965j9p3hn carousel_left\"><\/p>\n  <p class=\"rd_43ly0bgso5e965j9p3hn carousel_right\"><\/p>\n<\/div><ul><!-- portfolio item -->\n\n<li class=\"carousel_recent_post prsc\">\n  <div class=\"recent_port_ctn\">\n    <div class=\"filter_img\"><a href=\"https:\/\/fundacionmfm.org\/en\/actividades\/feria-de-lectura-los-caobos\/\" class=\"ico_link\">\n      <img loading=\"lazy\" decoding=\"async\" width=\"586\" height=\"440\" src=\"https:\/\/fundacionmfm.org\/wp-content\/uploads\/2022\/09\/Feria-de-Lectura-PLC-586x440.jpg\" class=\"attachment-586x440 size-586x440 wp-post-image\" alt=\"\" title=\"\" \/>      <\/a>\n      <a href=\"https:\/\/fundacionmfm.org\/wp-content\/uploads\/2022\/09\/Feria-de-Lectura-PLC.jpg\" class=\"prettyPhoto port_img_link\"><span class='img_link'><\/span><\/a><a href='https:\/\/fundacionmfm.org\/en\/actividades\/feria-de-lectura-los-caobos\/' class='port_post_link'><span class='post_link'><h2 class='fw_port_link'>Feria de Lectura Los Caobos<\/h2><h3 class='fw_port_tag'><\/h3><\/span><\/a>    <\/div>\n<div class=\"port_details\">\n\t\t<h2><a href=\"https:\/\/fundacionmfm.org\/en\/actividades\/feria-de-lectura-los-caobos\/\">Feria de Lectura Los Caobos<\/a><\/h2>\n\t\t<h3><\/h3>\n        <\/div>\n  <\/div>\n<\/li>\n<!-- portfolio item -->\n\n<li class=\"carousel_recent_post prsc\">\n  <div class=\"recent_port_ctn\">\n    <div class=\"filter_img\"><a href=\"https:\/\/fundacionmfm.org\/en\/actividades\/feria-de-lectura-el-cafetal-2\/\" class=\"ico_link\">\n      <img loading=\"lazy\" decoding=\"async\" width=\"586\" height=\"440\" src=\"https:\/\/fundacionmfm.org\/wp-content\/uploads\/2022\/09\/Feria-de-Lectura-ECFTL-586x440.jpg\" class=\"attachment-586x440 size-586x440 wp-post-image\" alt=\"\" title=\"\" \/>      <\/a>\n      <a href=\"https:\/\/fundacionmfm.org\/wp-content\/uploads\/2022\/09\/Feria-de-Lectura-ECFTL.jpg\" class=\"prettyPhoto port_img_link\"><span class='img_link'><\/span><\/a><a href='https:\/\/fundacionmfm.org\/en\/actividades\/feria-de-lectura-el-cafetal-2\/' class='port_post_link'><span class='post_link'><h2 class='fw_port_link'>Feria de Lectura El Cafetal 2<\/h2><h3 class='fw_port_tag'><\/h3><\/span><\/a>    <\/div>\n<div class=\"port_details\">\n\t\t<h2><a href=\"https:\/\/fundacionmfm.org\/en\/actividades\/feria-de-lectura-el-cafetal-2\/\">Feria de Lectura El Cafetal 2<\/a><\/h2>\n\t\t<h3><\/h3>\n        <\/div>\n  <\/div>\n<\/li>\n<!-- portfolio item -->\n\n<li class=\"carousel_recent_post prsc\">\n  <div class=\"recent_port_ctn\">\n    <div class=\"filter_img\"><a href=\"https:\/\/fundacionmfm.org\/en\/actividades\/feria-de-lectura-baruta\/\" class=\"ico_link\">\n      <img loading=\"lazy\" decoding=\"async\" width=\"586\" height=\"440\" src=\"https:\/\/fundacionmfm.org\/wp-content\/uploads\/2022\/09\/Feria-de-Lectura-baruta-cultural-586x440.jpg\" class=\"attachment-586x440 size-586x440 wp-post-image\" alt=\"\" title=\"\" \/>      <\/a>\n      <a href=\"https:\/\/fundacionmfm.org\/wp-content\/uploads\/2022\/09\/Feria-de-Lectura-baruta-cultural.jpg\" class=\"prettyPhoto port_img_link\"><span class='img_link'><\/span><\/a><a href='https:\/\/fundacionmfm.org\/en\/actividades\/feria-de-lectura-baruta\/' class='port_post_link'><span class='post_link'><h2 class='fw_port_link'>Feria de Lectura Baruta<\/h2><h3 class='fw_port_tag'><\/h3><\/span><\/a>    <\/div>\n<div class=\"port_details\">\n\t\t<h2><a href=\"https:\/\/fundacionmfm.org\/en\/actividades\/feria-de-lectura-baruta\/\">Feria de Lectura Baruta<\/a><\/h2>\n\t\t<h3><\/h3>\n        <\/div>\n  <\/div>\n<\/li>\n<!-- portfolio item -->\n\n<li class=\"carousel_recent_post prsc\">\n  <div class=\"recent_port_ctn\">\n    <div class=\"filter_img\"><a href=\"https:\/\/fundacionmfm.org\/en\/actividades\/feria-de-lectura-pque-francisco-de-miranda\/\" class=\"ico_link\">\n      <img loading=\"lazy\" decoding=\"async\" width=\"586\" height=\"440\" src=\"https:\/\/fundacionmfm.org\/wp-content\/uploads\/2022\/09\/Feria-de-Lectura-PFM-586x440.jpg\" class=\"attachment-586x440 size-586x440 wp-post-image\" alt=\"\" title=\"\" \/>      <\/a>\n      <a href=\"https:\/\/fundacionmfm.org\/wp-content\/uploads\/2022\/09\/Feria-de-Lectura-PFM.jpg\" class=\"prettyPhoto port_img_link\"><span class='img_link'><\/span><\/a><a href='https:\/\/fundacionmfm.org\/en\/actividades\/feria-de-lectura-pque-francisco-de-miranda\/' class='port_post_link'><span class='post_link'><h2 class='fw_port_link'>Feria de Lectura Pque Francisco de Miranda<\/h2><h3 class='fw_port_tag'><\/h3><\/span><\/a>    <\/div>\n<div class=\"port_details\">\n\t\t<h2><a href=\"https:\/\/fundacionmfm.org\/en\/actividades\/feria-de-lectura-pque-francisco-de-miranda\/\">Feria de Lectura Pque Francisco de Miranda<\/a><\/h2>\n\t\t<h3><\/h3>\n        <\/div>\n  <\/div>\n<\/li>\n<!-- portfolio item -->\n\n<li class=\"carousel_recent_post prsc\">\n  <div class=\"recent_port_ctn\">\n    <div class=\"filter_img\"><a href=\"https:\/\/fundacionmfm.org\/en\/actividades\/feria-de-lectura-celarg\/\" class=\"ico_link\">\n      <img loading=\"lazy\" decoding=\"async\" width=\"586\" height=\"440\" src=\"https:\/\/fundacionmfm.org\/wp-content\/uploads\/2022\/09\/Feria-de-Lectura-CELARG-586x440.jpg\" class=\"attachment-586x440 size-586x440 wp-post-image\" alt=\"\" title=\"\" \/>      <\/a>\n      <a href=\"https:\/\/fundacionmfm.org\/wp-content\/uploads\/2022\/09\/Feria-de-Lectura-CELARG.jpg\" class=\"prettyPhoto port_img_link\"><span class='img_link'><\/span><\/a><a href='https:\/\/fundacionmfm.org\/en\/actividades\/feria-de-lectura-celarg\/' class='port_post_link'><span class='post_link'><h2 class='fw_port_link'>Feria de Lectura CELARG<\/h2><h3 class='fw_port_tag'><\/h3><\/span><\/a>    <\/div>\n<div class=\"port_details\">\n\t\t<h2><a href=\"https:\/\/fundacionmfm.org\/en\/actividades\/feria-de-lectura-celarg\/\">Feria de Lectura CELARG<\/a><\/h2>\n\t\t<h3><\/h3>\n        <\/div>\n  <\/div>\n<\/li>\n<\/ul>\n<\/div>\n<div class=\"clearfix\" style=\"padding-top:0px\"><\/div>\n\t\t<\/div> <\/div>\n\t<\/div> \n<\/div><div   class=\"vc_row wpb_row vc_row-fluid full-width-section\">\n\t<div  class=\"vc_span12 wpb_column vc_column_container\"><div class=\"vc_column-inner\">\n\t\t<div class=\"wpb_wrapper\">\n\t\t\t<h2 style=\"font-size: 30px;color: #000000;line-height: 1;text-align: left\" class=\"vc_custom_heading\" >ESTAMOS EN TIKTOK<\/h2>\n\t<div class=\"wpb_raw_code wpb_content_element wpb_raw_html\" >\n\t\t<div class=\"wpb_wrapper\">\n\t\t\t<blockquote class=\"tiktok-embed\" cite=\"https:\/\/www.tiktok.com\/@mfmlectura\" data-unique-id=\"mfmlectura\" data-embed-type=\"creator\" style=\"max-width: 100%; min-width: 100%;\" > <section> <a target=\"_blank\" href=\"https:\/\/www.tiktok.com\/@mfmlectura?refer=creator_embed\">@mfmlectura<\/a> <\/section> <\/blockquote> <script async src=\"https:\/\/www.tiktok.com\/embed.js\"><\/script>\n\t\t<\/div>\n\t<\/div>\n\n\t\t<\/div> <\/div>\n\t<\/div> \n<\/div><div   class=\"vc_row wpb_row vc_row-fluid full-width-section\">\n\t<div  class=\"vc_span12 wpb_column vc_column_container\"><div class=\"vc_column-inner\">\n\t\t<div class=\"wpb_wrapper\">\n\t\t\t<h2 style=\"font-size: 30px;color: #000000;line-height: 1;text-align: left\" class=\"vc_custom_heading\" >ESTAMOS EN INSTAGRAM<\/h2>\n\t<div class=\"wpb_raw_code wpb_content_element wpb_raw_html\" >\n\t\t<div class=\"wpb_wrapper\">\n\t\t\t<style type=\"text\/css\">.zoom-instagram.feed-194{font-size:14px!important;padding:1px!important;}.zoom-instagram.feed-194 .zoom-instagram-widget__items{gap:5px!important;}.zoom-instagram.feed-194 .zoom-instagram-widget__items img {width:240px}.zoom-instagram.feed-194 .zoom-instagram-widget__items.layout-fullwidth{grid-template-columns:repeat(4,1fr);}<\/style>\n\n\t\t<\/div>\n\t<\/div>\n\n\t\t<\/div> <\/div>\n\t<\/div> \n<\/div>","protected":false},"excerpt":{"rendered":"","protected":false},"author":1,"featured_media":0,"parent":0,"menu_order":0,"comment_status":"closed","ping_status":"closed","template":"","meta":{"footnotes":""},"class_list":["post-5","page","type-page","status-publish","hentry"],"_links":{"self":[{"href":"https:\/\/fundacionmfm.org\/en\/wp-json\/wp\/v2\/pages\/5","targetHints":{"allow":["GET"]}}],"collection":[{"href":"https:\/\/fundacionmfm.org\/en\/wp-json\/wp\/v2\/pages"}],"about":[{"href":"https:\/\/fundacionmfm.org\/en\/wp-json\/wp\/v2\/types\/page"}],"author":[{"embeddable":true,"href":"https:\/\/fundacionmfm.org\/en\/wp-json\/wp\/v2\/users\/1"}],"replies":[{"embeddable":true,"href":"https:\/\/fundacionmfm.org\/en\/wp-json\/wp\/v2\/comments?post=5"}],"version-history":[{"count":91,"href":"https:\/\/fundacionmfm.org\/en\/wp-json\/wp\/v2\/pages\/5\/revisions"}],"predecessor-version":[{"id":466,"href":"https:\/\/fundacionmfm.org\/en\/wp-json\/wp\/v2\/pages\/5\/revisions\/466"}],"wp:attachment":[{"href":"https:\/\/fundacionmfm.org\/en\/wp-json\/wp\/v2\/media?parent=5"}],"curies":[{"name":"wp","href":"https:\/\/api.w.org\/{rel}","templated":true}]}}