{"id":2,"date":"2022-09-12T10:59:42","date_gmt":"2022-09-12T10:59:42","guid":{"rendered":"https:\/\/fundacionmfm.org\/?page_id=2"},"modified":"2022-12-13T15:20:20","modified_gmt":"2022-12-13T15:20:20","slug":"acerca-de-la-fundacion","status":"publish","type":"page","link":"https:\/\/fundacionmfm.org\/en\/acerca-de-la-fundacion\/","title":{"rendered":"Acerca de la Fundaci\u00f3n"},"content":{"rendered":"<div   class=\"vc_row wpb_row vc_row-fluid vc_custom_1663766607597 full-width-section\">\n\t<div  class=\"vc_span12 wpb_column vc_column_container\"><div class=\"vc_column-inner\">\n\t\t<div class=\"wpb_wrapper\">\n\t\t\t<h2 style=\"font-size: 40px;color: #ffffff;text-align: left\" class=\"vc_custom_heading\" >Acerca de la Fundaci\u00f3n MFM<\/h2>\n\t\t<\/div> <\/div>\n\t<\/div> \n<\/div><div   class=\"vc_row wpb_row vc_row-fluid vc_row-o-content-middle\">\n\t<div  class=\"vc_span6 wpb_column vc_column_container\"><div class=\"vc_column-inner\">\n\t\t<div class=\"wpb_wrapper\">\n\t\t\t\n\t<div class=\"wpb_text_column wpb_content_element   ct_0muz9r1i2wjtgs3mid6k\" >\n\t\t<div class=\"wpb_wrapper\" >\n\t\t\t<p>Fundaci\u00f3n creada para promover e incentivar el h\u00e1bito de la lectura en forma f\u00edsica, dirigida a ni\u00f1os, j\u00f3venes y adultos. Ofrece la posibilidad de generar una biblioteca m\u00f3vil los fines de semana, a trav\u00e9s de la participaci\u00f3n en ferias de manera quincenal en toda la ciudad de Caracas.<\/p>\n\n\t\t<\/div> \n\t<\/div> <h2 style=\"font-size: 40px;color: #774a98;text-align: left\" class=\"vc_custom_heading\" >Misi\u00f3n<\/h2>\n\t<div class=\"wpb_text_column wpb_content_element   ct_qawx4vy5f84ya46rnfrp\" >\n\t\t<div class=\"wpb_wrapper\" >\n\t\t\t<p>Promover la cultura dando la oportunidad a las personas que no tienen recursos econ\u00f3micos de poder leer. Incentivar el h\u00e1bito de la lectura en ni\u00f1os, j\u00f3venes y adultos. Ser una biblioteca m\u00f3vil, a trav\u00e9s de las ferias donde las personas no tengan la necesidad de trasladarse muy lejos para poder donar y adquirir un libro.<\/p>\n\n\t\t<\/div> \n\t<\/div> <h2 style=\"font-size: 40px;color: #32c0e7;text-align: left\" class=\"vc_custom_heading\" >Visi\u00f3n<\/h2>\n\t<div class=\"wpb_text_column wpb_content_element   ct_e8lji1xbc31mqdts52kn\" >\n\t\t<div class=\"wpb_wrapper\" >\n\t\t\t<p>Ser una referencia y gu\u00eda cultural. Ofrecer distracci\u00f3n gratuita y enriquecedora para toda la familia durante los fines de semana. Promover cultura de reciclaje de papel. Brindar apoyo y herramientas para incrementar el gusto a la lectura. Ofrecer un espacio donde todos puedan compartir un mismo gusto y distracci\u00f3n.<\/p>\n\n\t\t<\/div> \n\t<\/div> \n\t\t<\/div> <\/div>\n\t<\/div> \n\n\t<div  class=\"vc_span6 wpb_column vc_column_container rda_fadeInRight\"><div class=\"vc_column-inner\">\n\t\t<div class=\"wpb_wrapper\">\n\t\t\t\n\t<div  class=\"wpb_single_image wpb_content_element vc_align_center\">\n\t\t<div class=\"wpb_wrapper\">\n\t\t\t\n\t\t\t<div class=\"vc_single_image-wrapper   vc_box_border_grey\"><img loading=\"lazy\" decoding=\"async\" width=\"300\" height=\"233\" src=\"https:\/\/fundacionmfm.org\/wp-content\/uploads\/2022\/09\/Logo-FundacionMFM-300x233.png\" class=\"vc_single_image-img attachment-medium\" alt=\"\" title=\"Logo-FundacionMFM\" srcset=\"https:\/\/fundacionmfm.org\/wp-content\/uploads\/2022\/09\/Logo-FundacionMFM-300x233.png 300w, https:\/\/fundacionmfm.org\/wp-content\/uploads\/2022\/09\/Logo-FundacionMFM-15x12.png 15w, https:\/\/fundacionmfm.org\/wp-content\/uploads\/2022\/09\/Logo-FundacionMFM.png 644w\" sizes=\"auto, (max-width: 300px) 100vw, 300px\" \/><\/div>\n\t\t<\/div>\n\t<\/div>\n\n\t\t<\/div> <\/div>\n\t<\/div> \n<\/div><div   class=\"vc_row wpb_row vc_row-fluid vc_custom_1663256694856\">\n\t<div  class=\"vc_span12 wpb_column vc_column_container rda_fadeInUp\"><div class=\"vc_column-inner\">\n\t\t<div class=\"wpb_wrapper\">\n\t\t\t<h2 style=\"font-size: 30px;color: #774a98;line-height: 1;text-align: left\" class=\"vc_custom_heading\" >ACTIVIDADES CULTURALES<\/h2><div class=\"clearfix\" style=\"padding-top:0px\"><\/div><style type=\"text\/css\" >.rd_h1ml7ac24ihkikcxkjxx .carousel_recent_post:nth-child(odd) .port_details{background:; }.rd_h1ml7ac24ihkikcxkjxx  .carousel_recent_post:nth-child(odd) .port_details:before{background:;}.rd_h1ml7ac24ihkikcxkjxx  .carousel_recent_post:nth-child(even) .port_details{background:; }.rd_h1ml7ac24ihkikcxkjxx  .carousel_recent_post:nth-child(even) .port_details:before{background:;}.rd_h1ml7ac24ihkikcxkjxx .carousel_recent_post:hover .port_details{background:;}.rd_h1ml7ac24ihkikcxkjxx .carousel_recent_post:hover .port_details:before{background:;}.rd_h1ml7ac24ihkikcxkjxx .port_details h2 a{color:;}.rd_h1ml7ac24ihkikcxkjxx .port_details h3{color:;}.rd_h1ml7ac24ihkikcxkjxx .carousel_recent_post:hover .port_details h2 a,.rd_h1ml7ac24ihkikcxkjxx .carousel_recent_post:hover .port_details h3{color:; }<\/style>\n\t\t<script type=\"text\/javascript\" charset=\"utf-8\">\n\t\tjQuery.noConflict();\t\t\n\t\t\n\t\/\/setup up Carousel\n\t\t\n\t\tjQuery(document).ready(function($) {\t\n\t\t\"use strict\";\n\t\t\n\t\t$(window).load(function(){\n\t\t$(\".rd_h1ml7ac24ihkikcxkjxx.jcarousel ul\").carouFredSel({\n\t\t\t\t\tresponsive: true,\n\t\t\t\t\twidth: \"100%\",scroll: 1,\n\t\t\t\t\tauto: false,prev: \".rd_h1ml7ac24ihkikcxkjxx.carousel_left\",\n\t\t\t\t\tnext: \".rd_h1ml7ac24ihkikcxkjxx.carousel_right\",items: {\n\t\t\t\t\t\twidth:399,\n\t\t\t\t\t\theight: \"100%\",\n\t\t\t\t\t \tswipe       : {\n             \t\t   \t\tonTouch     : true,\n\t\t               \t\tonMouse     : false\n        \t\t    \t},\n\t\t\t\t\t\tvisible: {\n\t\t\t\t\t\t\tmin: 1,\n\t\t\t\t\t\t\tmax: 3\n\t\t\t\t\t\t}\n\t\t\t\t\t\t\n\t\t\t\t\t}\n\t\t\t\t});\n\t\t\t\t});\n\t\t\t\t});\n\t<\/script><div class=\"rd_h1ml7ac24ihkikcxkjxx jcarousel rd_pc_2\"><div class=\"carousel_nav\">\n  <p class=\"rd_h1ml7ac24ihkikcxkjxx carousel_left\"><\/p>\n  <p class=\"rd_h1ml7ac24ihkikcxkjxx carousel_right\"><\/p>\n<\/div><ul><!-- portfolio item -->\n\n<li class=\"carousel_recent_post prsc\">\n  <div class=\"recent_port_ctn\">\n    <div class=\"filter_img\"><a href=\"https:\/\/fundacionmfm.org\/en\/actividades\/feria-de-lectura-los-caobos\/\" class=\"ico_link\">\n      <img loading=\"lazy\" decoding=\"async\" width=\"586\" height=\"440\" src=\"https:\/\/fundacionmfm.org\/wp-content\/uploads\/2022\/09\/Feria-de-Lectura-PLC-586x440.jpg\" class=\"attachment-586x440 size-586x440 wp-post-image\" alt=\"\" title=\"\" \/>      <\/a>\n      <a href=\"https:\/\/fundacionmfm.org\/wp-content\/uploads\/2022\/09\/Feria-de-Lectura-PLC.jpg\" class=\"prettyPhoto port_img_link\"><span class='img_link'><\/span><\/a><a href='https:\/\/fundacionmfm.org\/en\/actividades\/feria-de-lectura-los-caobos\/' class='port_post_link'><span class='post_link'><h2 class='fw_port_link'>Feria de Lectura Los Caobos<\/h2><h3 class='fw_port_tag'><\/h3><\/span><\/a>    <\/div>\n<div class=\"port_details\">\n\t\t<h2><a href=\"https:\/\/fundacionmfm.org\/en\/actividades\/feria-de-lectura-los-caobos\/\">Feria de Lectura Los Caobos<\/a><\/h2>\n\t\t<h3><\/h3>\n        <\/div>\n  <\/div>\n<\/li>\n<!-- portfolio item -->\n\n<li class=\"carousel_recent_post prsc\">\n  <div class=\"recent_port_ctn\">\n    <div class=\"filter_img\"><a href=\"https:\/\/fundacionmfm.org\/en\/actividades\/feria-de-lectura-el-cafetal-2\/\" class=\"ico_link\">\n      <img loading=\"lazy\" decoding=\"async\" width=\"586\" height=\"440\" src=\"https:\/\/fundacionmfm.org\/wp-content\/uploads\/2022\/09\/Feria-de-Lectura-ECFTL-586x440.jpg\" class=\"attachment-586x440 size-586x440 wp-post-image\" alt=\"\" title=\"\" \/>      <\/a>\n      <a href=\"https:\/\/fundacionmfm.org\/wp-content\/uploads\/2022\/09\/Feria-de-Lectura-ECFTL.jpg\" class=\"prettyPhoto port_img_link\"><span class='img_link'><\/span><\/a><a href='https:\/\/fundacionmfm.org\/en\/actividades\/feria-de-lectura-el-cafetal-2\/' class='port_post_link'><span class='post_link'><h2 class='fw_port_link'>Feria de Lectura El Cafetal 2<\/h2><h3 class='fw_port_tag'><\/h3><\/span><\/a>    <\/div>\n<div class=\"port_details\">\n\t\t<h2><a href=\"https:\/\/fundacionmfm.org\/en\/actividades\/feria-de-lectura-el-cafetal-2\/\">Feria de Lectura El Cafetal 2<\/a><\/h2>\n\t\t<h3><\/h3>\n        <\/div>\n  <\/div>\n<\/li>\n<!-- portfolio item -->\n\n<li class=\"carousel_recent_post prsc\">\n  <div class=\"recent_port_ctn\">\n    <div class=\"filter_img\"><a href=\"https:\/\/fundacionmfm.org\/en\/actividades\/feria-de-lectura-baruta\/\" class=\"ico_link\">\n      <img loading=\"lazy\" decoding=\"async\" width=\"586\" height=\"440\" src=\"https:\/\/fundacionmfm.org\/wp-content\/uploads\/2022\/09\/Feria-de-Lectura-baruta-cultural-586x440.jpg\" class=\"attachment-586x440 size-586x440 wp-post-image\" alt=\"\" title=\"\" \/>      <\/a>\n      <a href=\"https:\/\/fundacionmfm.org\/wp-content\/uploads\/2022\/09\/Feria-de-Lectura-baruta-cultural.jpg\" class=\"prettyPhoto port_img_link\"><span class='img_link'><\/span><\/a><a href='https:\/\/fundacionmfm.org\/en\/actividades\/feria-de-lectura-baruta\/' class='port_post_link'><span class='post_link'><h2 class='fw_port_link'>Feria de Lectura Baruta<\/h2><h3 class='fw_port_tag'><\/h3><\/span><\/a>    <\/div>\n<div class=\"port_details\">\n\t\t<h2><a href=\"https:\/\/fundacionmfm.org\/en\/actividades\/feria-de-lectura-baruta\/\">Feria de Lectura Baruta<\/a><\/h2>\n\t\t<h3><\/h3>\n        <\/div>\n  <\/div>\n<\/li>\n<!-- portfolio item -->\n\n<li class=\"carousel_recent_post prsc\">\n  <div class=\"recent_port_ctn\">\n    <div class=\"filter_img\"><a href=\"https:\/\/fundacionmfm.org\/en\/actividades\/feria-de-lectura-pque-francisco-de-miranda\/\" class=\"ico_link\">\n      <img loading=\"lazy\" decoding=\"async\" width=\"586\" height=\"440\" src=\"https:\/\/fundacionmfm.org\/wp-content\/uploads\/2022\/09\/Feria-de-Lectura-PFM-586x440.jpg\" class=\"attachment-586x440 size-586x440 wp-post-image\" alt=\"\" title=\"\" \/>      <\/a>\n      <a href=\"https:\/\/fundacionmfm.org\/wp-content\/uploads\/2022\/09\/Feria-de-Lectura-PFM.jpg\" class=\"prettyPhoto port_img_link\"><span class='img_link'><\/span><\/a><a href='https:\/\/fundacionmfm.org\/en\/actividades\/feria-de-lectura-pque-francisco-de-miranda\/' class='port_post_link'><span class='post_link'><h2 class='fw_port_link'>Feria de Lectura Pque Francisco de Miranda<\/h2><h3 class='fw_port_tag'><\/h3><\/span><\/a>    <\/div>\n<div class=\"port_details\">\n\t\t<h2><a href=\"https:\/\/fundacionmfm.org\/en\/actividades\/feria-de-lectura-pque-francisco-de-miranda\/\">Feria de Lectura Pque Francisco de Miranda<\/a><\/h2>\n\t\t<h3><\/h3>\n        <\/div>\n  <\/div>\n<\/li>\n<!-- portfolio item -->\n\n<li class=\"carousel_recent_post prsc\">\n  <div class=\"recent_port_ctn\">\n    <div class=\"filter_img\"><a href=\"https:\/\/fundacionmfm.org\/en\/actividades\/feria-de-lectura-celarg\/\" class=\"ico_link\">\n      <img loading=\"lazy\" decoding=\"async\" width=\"586\" height=\"440\" src=\"https:\/\/fundacionmfm.org\/wp-content\/uploads\/2022\/09\/Feria-de-Lectura-CELARG-586x440.jpg\" class=\"attachment-586x440 size-586x440 wp-post-image\" alt=\"\" title=\"\" \/>      <\/a>\n      <a href=\"https:\/\/fundacionmfm.org\/wp-content\/uploads\/2022\/09\/Feria-de-Lectura-CELARG.jpg\" class=\"prettyPhoto port_img_link\"><span class='img_link'><\/span><\/a><a href='https:\/\/fundacionmfm.org\/en\/actividades\/feria-de-lectura-celarg\/' class='port_post_link'><span class='post_link'><h2 class='fw_port_link'>Feria de Lectura CELARG<\/h2><h3 class='fw_port_tag'><\/h3><\/span><\/a>    <\/div>\n<div class=\"port_details\">\n\t\t<h2><a href=\"https:\/\/fundacionmfm.org\/en\/actividades\/feria-de-lectura-celarg\/\">Feria de Lectura CELARG<\/a><\/h2>\n\t\t<h3><\/h3>\n        <\/div>\n  <\/div>\n<\/li>\n<\/ul>\n<\/div>\n<div class=\"clearfix\" style=\"padding-top:0px\"><\/div>\n\t\t<\/div> <\/div>\n\t<\/div> \n<\/div>","protected":false},"excerpt":{"rendered":"","protected":false},"author":1,"featured_media":0,"parent":0,"menu_order":0,"comment_status":"closed","ping_status":"closed","template":"","meta":{"footnotes":""},"class_list":["post-2","page","type-page","status-publish","hentry"],"_links":{"self":[{"href":"https:\/\/fundacionmfm.org\/en\/wp-json\/wp\/v2\/pages\/2","targetHints":{"allow":["GET"]}}],"collection":[{"href":"https:\/\/fundacionmfm.org\/en\/wp-json\/wp\/v2\/pages"}],"about":[{"href":"https:\/\/fundacionmfm.org\/en\/wp-json\/wp\/v2\/types\/page"}],"author":[{"embeddable":true,"href":"https:\/\/fundacionmfm.org\/en\/wp-json\/wp\/v2\/users\/1"}],"replies":[{"embeddable":true,"href":"https:\/\/fundacionmfm.org\/en\/wp-json\/wp\/v2\/comments?post=2"}],"version-history":[{"count":17,"href":"https:\/\/fundacionmfm.org\/en\/wp-json\/wp\/v2\/pages\/2\/revisions"}],"predecessor-version":[{"id":398,"href":"https:\/\/fundacionmfm.org\/en\/wp-json\/wp\/v2\/pages\/2\/revisions\/398"}],"wp:attachment":[{"href":"https:\/\/fundacionmfm.org\/en\/wp-json\/wp\/v2\/media?parent=2"}],"curies":[{"name":"wp","href":"https:\/\/api.w.org\/{rel}","templated":true}]}}