{"id":142,"date":"2022-09-21T12:20:01","date_gmt":"2022-09-21T12:20:01","guid":{"rendered":"https:\/\/fundacionmfm.org\/?page_id=142"},"modified":"2022-09-21T12:42:34","modified_gmt":"2022-09-21T12:42:34","slug":"catalogo","status":"publish","type":"page","link":"https:\/\/fundacionmfm.org\/en\/catalogo\/","title":{"rendered":"Cat\u00e1logo"},"content":{"rendered":"<div   class=\"vc_row wpb_row vc_row-fluid vc_custom_1663763852089 full-width-section\">\n\t<div  class=\"vc_span12 wpb_column vc_column_container\"><div class=\"vc_column-inner\">\n\t\t<div class=\"wpb_wrapper\">\n\t\t\t<h2 style=\"font-size: 40px;color: #ffffff;text-align: left\" class=\"vc_custom_heading\" >Cat\u00e1logo<\/h2>\n\t\t<\/div> <\/div>\n\t<\/div> \n<\/div><div   class=\"vc_row wpb_row vc_row-fluid\">\n\t<div  class=\"vc_span12 wpb_column vc_column_container\"><div class=\"vc_column-inner\">\n\t\t<div class=\"wpb_wrapper\">\n\t\t\t<style type=\"text\/css\" >#rp_op95igergg5eszabbc6b.rstaff_03 .team-member:hover .bw-wrapper a:before{border:2px solid #774a98; transform: scale(1.03);}#rp_op95igergg5eszabbc6b.rstaff_03 .carousel_recent_post img{background:#ffffff;}#rp_op95igergg5eszabbc6b.rstaff_03 .member-info{ color:#000000;}#rp_op95igergg5eszabbc6b.rstaff_03 .member-info h3 a{color:#000000;}#rp_op95igergg5eszabbc6b.rstaff_03 .member-info h3 a:hover{color:#774a98;}#rp_op95igergg5eszabbc6b.rstaff_03 .staff_nav .staff_left,#rp_op95igergg5eszabbc6b.rstaff_03 .staff_nav .staff_right{background:#000000 ;}#rp_op95igergg5eszabbc6b .blog_load_more_cont .btn_load_more{background:#ffffff; color:#000000; border:1px solid #000000;}#rp_op95igergg5eszabbc6b .blog_load_more_cont .btn_load_more .refresh_icn:before{color:#000000;}#rp_op95igergg5eszabbc6b .blog_load_more_cont .btn_load_more:hover{background:#000000; color:#ffffff; border:1px solid #000000;}#rp_op95igergg5eszabbc6b .blog_load_more_cont .btn_load_more:hover .refresh_icn:before{color:#ffffff;}.navigation .pagination span,.navigation .pagination a{border:1px solid #ecf0f1; color:#000000; background:#ffffff;}.navigation .pagination .current,.navigation .pagination span:hover,.navigation .pagination a:hover{ color:#ffffff !important; background:#222533; border:1px solid #222533; }.navigation{border-top:1px solid #ecf0f1;}.pagination_current_position{color:#000000;}<\/style><script>\n\n\n\njQuery.noConflict();\n\njQuery(document).ready(function($){\n\n\"use strict\";\n\n $(window).load(function(){\n\t\t\t\t\t\t\t   $(\".filter_op95igergg5eszabbc6b .staffoptionset li a\").each(function() {\n\n\t\t\t\t\t\t\t\tvar filter_class = $(this).attr('data-option-value');\n\t\t\t\t\t\t\t\t if ($('#rp_op95igergg5eszabbc6b').find(filter_class).length) { \/\/ implies *not* zero\n\t\t\t\t\t\t\t\t$(this).parent('li').show();\n\t\t\t\t\t\t\t\t }else{\n\t\t\t\t\t\t\t\t$(this).parent('li').hide();\n\t\t\t\t\t\t\t\t }\n\t\t\t\t\t\t\t\t});\n\n\n\n\n$('.masonry_ctn').isotope({\n  \/\/ options\n  itemSelector : '.staff_post',\n  layoutMode : 'masonry'\n});\n\n\n});});\n\n\n<\/script>\n\n<div class=\"rd_staff_posts_ctn masonry_ctn blog_4_col rstaff_03 staff_has_nav\" id=\"rp_op95igergg5eszabbc6b\">\n\n<div class=\"carousel_recent_post team-member staff_post ajax_post\">\n    <div class=\"recent_port_ctn clearfix\">\n\n\n         <div class=\"member-photo s_effect\">\n\n    <div class=\"bw-wrapper\">       <a href=\"https:\/\/fundacionmfm.org\/en\/libros\/la-metamorfosis-de-franz-kafka\/\" target=\"_blank\">  <\/a> \n\n    <\/div>\n\n  <\/div>\n\n  <div class=\"member-info\">\n\n    <h3><a href=\"https:\/\/fundacionmfm.org\/en\/libros\/la-metamorfosis-de-franz-kafka\/\" target=\"_blank\">La metamorfosis de Franz Kafka<\/a><\/h3>\n\n    <span class=\"position\" ><\/span>\n\n\n  <\/div>\n<\/div>\n\n\n<\/div>\n\n\n<div class=\"carousel_recent_post team-member staff_post ajax_post\">\n    <div class=\"recent_port_ctn clearfix\">\n\n\n         <div class=\"member-photo s_effect\">\n\n    <div class=\"bw-wrapper\">       <a href=\"https:\/\/fundacionmfm.org\/en\/libros\/lolita-de-vladimir-nabokov\/\" target=\"_blank\">  <\/a> \n\n    <\/div>\n\n  <\/div>\n\n  <div class=\"member-info\">\n\n    <h3><a href=\"https:\/\/fundacionmfm.org\/en\/libros\/lolita-de-vladimir-nabokov\/\" target=\"_blank\">Lolita de Vladimir Nabokov<\/a><\/h3>\n\n    <span class=\"position\" ><\/span>\n\n\n  <\/div>\n<\/div>\n\n\n<\/div>\n\n\n<div class=\"carousel_recent_post team-member staff_post ajax_post\">\n    <div class=\"recent_port_ctn clearfix\">\n\n\n         <div class=\"member-photo s_effect\">\n\n    <div class=\"bw-wrapper\">       <a href=\"https:\/\/fundacionmfm.org\/en\/libros\/dejame-conocerte-de-khaterine-mendez\/\" target=\"_blank\">  <\/a> \n\n    <\/div>\n\n  <\/div>\n\n  <div class=\"member-info\">\n\n    <h3><a href=\"https:\/\/fundacionmfm.org\/en\/libros\/dejame-conocerte-de-khaterine-mendez\/\" target=\"_blank\">D\u00e9jame conocerte de Khaterine M\u00e9ndez<\/a><\/h3>\n\n    <span class=\"position\" ><\/span>\n\n\n  <\/div>\n<\/div>\n\n\n<\/div>\n\n\n<div class=\"carousel_recent_post team-member staff_post ajax_post\">\n    <div class=\"recent_port_ctn clearfix\">\n\n\n         <div class=\"member-photo s_effect\">\n\n    <div class=\"bw-wrapper\">       <a href=\"https:\/\/fundacionmfm.org\/en\/libros\/cumbres-borrascosas-de-emely-bronte\/\" target=\"_blank\">  <\/a> \n\n    <\/div>\n\n  <\/div>\n\n  <div class=\"member-info\">\n\n    <h3><a href=\"https:\/\/fundacionmfm.org\/en\/libros\/cumbres-borrascosas-de-emely-bronte\/\" target=\"_blank\">Cumbres borrascosas de Emely Bront\u00eb<\/a><\/h3>\n\n    <span class=\"position\" ><\/span>\n\n\n  <\/div>\n<\/div>\n\n\n<\/div>\n\n\n<div class=\"carousel_recent_post team-member staff_post ajax_post\">\n    <div class=\"recent_port_ctn clearfix\">\n\n\n         <div class=\"member-photo s_effect\">\n\n    <div class=\"bw-wrapper\">       <a href=\"https:\/\/fundacionmfm.org\/en\/libros\/utopia-de-tomas-moro\/\" target=\"_blank\">  <\/a> \n\n    <\/div>\n\n  <\/div>\n\n  <div class=\"member-info\">\n\n    <h3><a href=\"https:\/\/fundacionmfm.org\/en\/libros\/utopia-de-tomas-moro\/\" target=\"_blank\">Utop\u00eda de Tom\u00e1s Moro<\/a><\/h3>\n\n    <span class=\"position\" ><\/span>\n\n\n  <\/div>\n<\/div>\n\n\n<\/div>\n\n\n<div class=\"carousel_recent_post team-member staff_post ajax_post\">\n    <div class=\"recent_port_ctn clearfix\">\n\n\n         <div class=\"member-photo s_effect\">\n\n    <div class=\"bw-wrapper\">       <a href=\"https:\/\/fundacionmfm.org\/en\/libros\/la-otra-busqueda-de-rafael-arraiz\/\" target=\"_blank\">  <\/a> \n\n    <\/div>\n\n  <\/div>\n\n  <div class=\"member-info\">\n\n    <h3><a href=\"https:\/\/fundacionmfm.org\/en\/libros\/la-otra-busqueda-de-rafael-arraiz\/\" target=\"_blank\">La otra b\u00fasqueda de Rafael Arr\u00e1iz<\/a><\/h3>\n\n    <span class=\"position\" ><\/span>\n\n\n  <\/div>\n<\/div>\n\n\n<\/div>\n\n\n<div class=\"carousel_recent_post team-member staff_post ajax_post\">\n    <div class=\"recent_port_ctn clearfix\">\n\n\n         <div class=\"member-photo s_effect\">\n\n    <div class=\"bw-wrapper\">       <a href=\"https:\/\/fundacionmfm.org\/en\/libros\/rayuela-la-obra-maestra-de-julio-cortazar\/\" target=\"_blank\">  <\/a> \n\n    <\/div>\n\n  <\/div>\n\n  <div class=\"member-info\">\n\n    <h3><a href=\"https:\/\/fundacionmfm.org\/en\/libros\/rayuela-la-obra-maestra-de-julio-cortazar\/\" target=\"_blank\">Rayuela, La obra maestra de Julio Cort\u00e1zar<\/a><\/h3>\n\n    <span class=\"position\" ><\/span>\n\n\n  <\/div>\n<\/div>\n\n\n<\/div>\n\n\n<div class=\"carousel_recent_post team-member staff_post ajax_post\">\n    <div class=\"recent_port_ctn clearfix\">\n\n\n         <div class=\"member-photo s_effect\">\n\n    <div class=\"bw-wrapper\">       <a href=\"https:\/\/fundacionmfm.org\/en\/libros\/los-pillos-del-valle-de-elsa-l-picon\/\" target=\"_blank\">  <\/a> \n\n    <\/div>\n\n  <\/div>\n\n  <div class=\"member-info\">\n\n    <h3><a href=\"https:\/\/fundacionmfm.org\/en\/libros\/los-pillos-del-valle-de-elsa-l-picon\/\" target=\"_blank\">Los Pillos del Valle de Elsa L. Pic\u00f3n<\/a><\/h3>\n\n    <span class=\"position\" ><\/span>\n\n\n  <\/div>\n<\/div>\n\n\n<\/div>\n\n\n<div class=\"carousel_recent_post team-member staff_post ajax_post\">\n    <div class=\"recent_port_ctn clearfix\">\n\n\n         <div class=\"member-photo s_effect\">\n\n    <div class=\"bw-wrapper\">       <a href=\"https:\/\/fundacionmfm.org\/en\/libros\/la-aventura-del-tocador-de-senoras-de-eduardo-mendoza\/\" target=\"_blank\">  <\/a> \n\n    <\/div>\n\n  <\/div>\n\n  <div class=\"member-info\">\n\n    <h3><a href=\"https:\/\/fundacionmfm.org\/en\/libros\/la-aventura-del-tocador-de-senoras-de-eduardo-mendoza\/\" target=\"_blank\">La aventura del tocador de se\u00f1oras de Eduardo Mendoza<\/a><\/h3>\n\n    <span class=\"position\" ><\/span>\n\n\n  <\/div>\n<\/div>\n\n\n<\/div>\n\n\n<div class=\"carousel_recent_post team-member staff_post ajax_post\">\n    <div class=\"recent_port_ctn clearfix\">\n\n\n         <div class=\"member-photo s_effect\">\n\n    <div class=\"bw-wrapper\">       <a href=\"https:\/\/fundacionmfm.org\/en\/libros\/las-voces-del-desierto-de-marlo-morgan\/\" target=\"_blank\">  <\/a> \n\n    <\/div>\n\n  <\/div>\n\n  <div class=\"member-info\">\n\n    <h3><a href=\"https:\/\/fundacionmfm.org\/en\/libros\/las-voces-del-desierto-de-marlo-morgan\/\" target=\"_blank\">Las voces del desierto de Marlo Morgan<\/a><\/h3>\n\n    <span class=\"position\" ><\/span>\n\n\n  <\/div>\n<\/div>\n\n\n<\/div>\n\n\n\n\n\n<\/div>\n\n<!-- .navigation -->\n\n     <div class=\"navigation clearfix\">\n\n        <span class='pagination_current_position'>Page 1\/1<\/span>\n      <\/div>\n\n<!-- .navigation END -->\n\n\n\t\t<\/div> <\/div>\n\t<\/div> \n<\/div><div   class=\"vc_row wpb_row vc_row-fluid\">\n\t<div  class=\"vc_span12 wpb_column vc_column_container\"><div class=\"vc_column-inner\">\n\t\t<div class=\"wpb_wrapper\">\n\t\t\t<style type=\"text\/css\" >#rp_efzrnugjcemjtomdui30 .rd_staff_p08 .member-info{color:#000000;}#rp_efzrnugjcemjtomdui30 .rd_staff_p08 .member-info h3 a{color:#000000;}#rp_efzrnugjcemjtomdui30 .rd_staff_p08 .member-info h3 a:hover,#rp_efzrnugjcemjtomdui30 .rd_staff_p08 .member-info .position{color:#774a98;}#rp_efzrnugjcemjtomdui30 .rd_staff_p08 .position{border-bottom-color:#ecf0f1;}#rp_efzrnugjcemjtomdui30 .blog_load_more_cont .btn_load_more{background:#ffffff; color:#000000; border:1px solid #000000;}#rp_efzrnugjcemjtomdui30 .blog_load_more_cont .btn_load_more .refresh_icn:before{color:#000000;}#rp_efzrnugjcemjtomdui30 .blog_load_more_cont .btn_load_more:hover{background:#000000; color:#ffffff; border:1px solid #000000;}#rp_efzrnugjcemjtomdui30 .blog_load_more_cont .btn_load_more:hover .refresh_icn:before{color:#ffffff;}.navigation .pagination span,.navigation .pagination a{border:1px solid #ecf0f1; color:#000000; background:#ffffff;}.navigation .pagination .current,.navigation .pagination span:hover,.navigation .pagination a:hover{ color:#ffffff !important; background:#222533; border:1px solid #222533; }.navigation{border-top:1px solid #ecf0f1;}.pagination_current_position{color:#000000;}<\/style><script>\n\n\n\njQuery.noConflict();\n\njQuery(document).ready(function($){\n\n\"use strict\";\n\n $(window).load(function(){\n\t\t\t\t\t\t\t   $(\".filter_efzrnugjcemjtomdui30 .staffoptionset li a\").each(function() {\n\n\t\t\t\t\t\t\t\tvar filter_class = $(this).attr('data-option-value');\n\t\t\t\t\t\t\t\t if ($('#rp_efzrnugjcemjtomdui30').find(filter_class).length) { \/\/ implies *not* zero\n\t\t\t\t\t\t\t\t$(this).parent('li').show();\n\t\t\t\t\t\t\t\t }else{\n\t\t\t\t\t\t\t\t$(this).parent('li').hide();\n\t\t\t\t\t\t\t\t }\n\t\t\t\t\t\t\t\t});\n\n\n\n\n$('.masonry_ctn').isotope({\n  \/\/ options\n  itemSelector : '.staff_post',\n  layoutMode : 'masonry'\n});\n\n\n});});\n\n\n<\/script>\n\n<div class=\"rd_staff_posts_ctn masonry_ctn blog_4_col type08 staff_has_nav\" id=\"rp_efzrnugjcemjtomdui30\">\n\n<div data-category=\"\" class=\"staff_post rd_staff_p08 ajax_post\">\n\t<div class=\"staff_post_ctn\">\n\t\t<div class=\"member-photo s_effect\">\n\t\t\t<div class=\"bw-wrapper\"><a href=\"https:\/\/fundacionmfm.org\/en\/libros\/la-metamorfosis-de-franz-kafka\/\" target=\"_blank\"><\/a>\n            <\/div>\n\n            <div class=\"member-social-links\">\n                                                                                                                                            \t\t<\/div>\n\n            <\/div>\n\t\t\t<div class=\"member-info\">\n\t\t    <h3><a href=\"https:\/\/fundacionmfm.org\/en\/libros\/la-metamorfosis-de-franz-kafka\/\" target=\"_blank\">La metamorfosis de Franz Kafka<\/a><\/h3>\n\t\t    <span class=\"position\" ><\/span>\n            <div class=\"member_desc\">...<\/div>\n\t\t\t<\/div>\n\n\n    <\/div>\n<\/div>\n\n\n<div data-category=\"\" class=\"staff_post rd_staff_p08 ajax_post\">\n\t<div class=\"staff_post_ctn\">\n\t\t<div class=\"member-photo s_effect\">\n\t\t\t<div class=\"bw-wrapper\"><a href=\"https:\/\/fundacionmfm.org\/en\/libros\/lolita-de-vladimir-nabokov\/\" target=\"_blank\"><\/a>\n            <\/div>\n\n            <div class=\"member-social-links\">\n                                                                                                                                            \t\t<\/div>\n\n            <\/div>\n\t\t\t<div class=\"member-info\">\n\t\t    <h3><a href=\"https:\/\/fundacionmfm.org\/en\/libros\/lolita-de-vladimir-nabokov\/\" target=\"_blank\">Lolita de Vladimir Nabokov<\/a><\/h3>\n\t\t    <span class=\"position\" ><\/span>\n            <div class=\"member_desc\">...<\/div>\n\t\t\t<\/div>\n\n\n    <\/div>\n<\/div>\n\n\n<div data-category=\"\" class=\"staff_post rd_staff_p08 ajax_post\">\n\t<div class=\"staff_post_ctn\">\n\t\t<div class=\"member-photo s_effect\">\n\t\t\t<div class=\"bw-wrapper\"><a href=\"https:\/\/fundacionmfm.org\/en\/libros\/dejame-conocerte-de-khaterine-mendez\/\" target=\"_blank\"><\/a>\n            <\/div>\n\n            <div class=\"member-social-links\">\n                                                                                                                                            \t\t<\/div>\n\n            <\/div>\n\t\t\t<div class=\"member-info\">\n\t\t    <h3><a href=\"https:\/\/fundacionmfm.org\/en\/libros\/dejame-conocerte-de-khaterine-mendez\/\" target=\"_blank\">D\u00e9jame conocerte de Khaterine M\u00e9ndez<\/a><\/h3>\n\t\t    <span class=\"position\" ><\/span>\n            <div class=\"member_desc\">...<\/div>\n\t\t\t<\/div>\n\n\n    <\/div>\n<\/div>\n\n\n<div data-category=\"\" class=\"staff_post rd_staff_p08 ajax_post\">\n\t<div class=\"staff_post_ctn\">\n\t\t<div class=\"member-photo s_effect\">\n\t\t\t<div class=\"bw-wrapper\"><a href=\"https:\/\/fundacionmfm.org\/en\/libros\/cumbres-borrascosas-de-emely-bronte\/\" target=\"_blank\"><\/a>\n            <\/div>\n\n            <div class=\"member-social-links\">\n                                                                                                                                            \t\t<\/div>\n\n            <\/div>\n\t\t\t<div class=\"member-info\">\n\t\t    <h3><a href=\"https:\/\/fundacionmfm.org\/en\/libros\/cumbres-borrascosas-de-emely-bronte\/\" target=\"_blank\">Cumbres borrascosas de Emely Bront\u00eb<\/a><\/h3>\n\t\t    <span class=\"position\" ><\/span>\n            <div class=\"member_desc\">...<\/div>\n\t\t\t<\/div>\n\n\n    <\/div>\n<\/div>\n\n\n<div data-category=\"\" class=\"staff_post rd_staff_p08 ajax_post\">\n\t<div class=\"staff_post_ctn\">\n\t\t<div class=\"member-photo s_effect\">\n\t\t\t<div class=\"bw-wrapper\"><a href=\"https:\/\/fundacionmfm.org\/en\/libros\/utopia-de-tomas-moro\/\" target=\"_blank\"><\/a>\n            <\/div>\n\n            <div class=\"member-social-links\">\n                                                                                                                                            \t\t<\/div>\n\n            <\/div>\n\t\t\t<div class=\"member-info\">\n\t\t    <h3><a href=\"https:\/\/fundacionmfm.org\/en\/libros\/utopia-de-tomas-moro\/\" target=\"_blank\">Utop\u00eda de Tom\u00e1s Moro<\/a><\/h3>\n\t\t    <span class=\"position\" ><\/span>\n            <div class=\"member_desc\">...<\/div>\n\t\t\t<\/div>\n\n\n    <\/div>\n<\/div>\n\n\n<div data-category=\"\" class=\"staff_post rd_staff_p08 ajax_post\">\n\t<div class=\"staff_post_ctn\">\n\t\t<div class=\"member-photo s_effect\">\n\t\t\t<div class=\"bw-wrapper\"><a href=\"https:\/\/fundacionmfm.org\/en\/libros\/la-otra-busqueda-de-rafael-arraiz\/\" target=\"_blank\"><\/a>\n            <\/div>\n\n            <div class=\"member-social-links\">\n                                                                                                                                            \t\t<\/div>\n\n            <\/div>\n\t\t\t<div class=\"member-info\">\n\t\t    <h3><a href=\"https:\/\/fundacionmfm.org\/en\/libros\/la-otra-busqueda-de-rafael-arraiz\/\" target=\"_blank\">La otra b\u00fasqueda de Rafael Arr\u00e1iz<\/a><\/h3>\n\t\t    <span class=\"position\" ><\/span>\n            <div class=\"member_desc\">...<\/div>\n\t\t\t<\/div>\n\n\n    <\/div>\n<\/div>\n\n\n<div data-category=\"\" class=\"staff_post rd_staff_p08 ajax_post\">\n\t<div class=\"staff_post_ctn\">\n\t\t<div class=\"member-photo s_effect\">\n\t\t\t<div class=\"bw-wrapper\"><a href=\"https:\/\/fundacionmfm.org\/en\/libros\/rayuela-la-obra-maestra-de-julio-cortazar\/\" target=\"_blank\"><\/a>\n            <\/div>\n\n            <div class=\"member-social-links\">\n                                                                                                                                            \t\t<\/div>\n\n            <\/div>\n\t\t\t<div class=\"member-info\">\n\t\t    <h3><a href=\"https:\/\/fundacionmfm.org\/en\/libros\/rayuela-la-obra-maestra-de-julio-cortazar\/\" target=\"_blank\">Rayuela, La obra maestra de Julio Cort\u00e1zar<\/a><\/h3>\n\t\t    <span class=\"position\" ><\/span>\n            <div class=\"member_desc\">...<\/div>\n\t\t\t<\/div>\n\n\n    <\/div>\n<\/div>\n\n\n<div data-category=\"\" class=\"staff_post rd_staff_p08 ajax_post\">\n\t<div class=\"staff_post_ctn\">\n\t\t<div class=\"member-photo s_effect\">\n\t\t\t<div class=\"bw-wrapper\"><a href=\"https:\/\/fundacionmfm.org\/en\/libros\/los-pillos-del-valle-de-elsa-l-picon\/\" target=\"_blank\"><\/a>\n            <\/div>\n\n            <div class=\"member-social-links\">\n                                                                                                                                            \t\t<\/div>\n\n            <\/div>\n\t\t\t<div class=\"member-info\">\n\t\t    <h3><a href=\"https:\/\/fundacionmfm.org\/en\/libros\/los-pillos-del-valle-de-elsa-l-picon\/\" target=\"_blank\">Los Pillos del Valle de Elsa L. Pic\u00f3n<\/a><\/h3>\n\t\t    <span class=\"position\" ><\/span>\n            <div class=\"member_desc\">...<\/div>\n\t\t\t<\/div>\n\n\n    <\/div>\n<\/div>\n\n\n<div data-category=\"\" class=\"staff_post rd_staff_p08 ajax_post\">\n\t<div class=\"staff_post_ctn\">\n\t\t<div class=\"member-photo s_effect\">\n\t\t\t<div class=\"bw-wrapper\"><a href=\"https:\/\/fundacionmfm.org\/en\/libros\/la-aventura-del-tocador-de-senoras-de-eduardo-mendoza\/\" target=\"_blank\"><\/a>\n            <\/div>\n\n            <div class=\"member-social-links\">\n                                                                                                                                            \t\t<\/div>\n\n            <\/div>\n\t\t\t<div class=\"member-info\">\n\t\t    <h3><a href=\"https:\/\/fundacionmfm.org\/en\/libros\/la-aventura-del-tocador-de-senoras-de-eduardo-mendoza\/\" target=\"_blank\">La aventura del tocador de se\u00f1oras de Eduardo Mendoza<\/a><\/h3>\n\t\t    <span class=\"position\" ><\/span>\n            <div class=\"member_desc\">...<\/div>\n\t\t\t<\/div>\n\n\n    <\/div>\n<\/div>\n\n\n<div data-category=\"\" class=\"staff_post rd_staff_p08 ajax_post\">\n\t<div class=\"staff_post_ctn\">\n\t\t<div class=\"member-photo s_effect\">\n\t\t\t<div class=\"bw-wrapper\"><a href=\"https:\/\/fundacionmfm.org\/en\/libros\/las-voces-del-desierto-de-marlo-morgan\/\" target=\"_blank\"><\/a>\n            <\/div>\n\n            <div class=\"member-social-links\">\n                                                                                                                                            \t\t<\/div>\n\n            <\/div>\n\t\t\t<div class=\"member-info\">\n\t\t    <h3><a href=\"https:\/\/fundacionmfm.org\/en\/libros\/las-voces-del-desierto-de-marlo-morgan\/\" target=\"_blank\">Las voces del desierto de Marlo Morgan<\/a><\/h3>\n\t\t    <span class=\"position\" ><\/span>\n            <div class=\"member_desc\">...<\/div>\n\t\t\t<\/div>\n\n\n    <\/div>\n<\/div>\n\n\n\n\n\n<\/div>\n\n<!-- .navigation -->\n\n     <div class=\"navigation clearfix\">\n\n        <span class='pagination_current_position'>Page 1\/1<\/span>\n      <\/div>\n\n<!-- .navigation END -->\n\n\n\t\t<\/div> <\/div>\n\t<\/div> \n<\/div>","protected":false},"excerpt":{"rendered":"<p>A fin de transmitir sus vivencias, Marlo Morgan edit\u00f3 por su cuenta esta novela que, meses despu\u00e9s de ver la luz, se convirti\u00f3 en un extraordinario bestseller internacional.Marlo Morgan no ten\u00eda edad ni talante de aventura, pero la realidad se le impuso con la fuerza y el poder que suelen transmitirnos las experiencias extraordinarias. As\u00ed<br \/><a href=\"https:\/\/fundacionmfm.org\/en\/libros\/las-voces-del-desierto-de-marlo-morgan\/\" class=\"more\">Read more<\/a><\/p>","protected":false},"author":1,"featured_media":0,"parent":0,"menu_order":0,"comment_status":"closed","ping_status":"closed","template":"","meta":{"footnotes":""},"class_list":["post-142","page","type-page","status-publish","hentry"],"_links":{"self":[{"href":"https:\/\/fundacionmfm.org\/en\/wp-json\/wp\/v2\/pages\/142","targetHints":{"allow":["GET"]}}],"collection":[{"href":"https:\/\/fundacionmfm.org\/en\/wp-json\/wp\/v2\/pages"}],"about":[{"href":"https:\/\/fundacionmfm.org\/en\/wp-json\/wp\/v2\/types\/page"}],"author":[{"embeddable":true,"href":"https:\/\/fundacionmfm.org\/en\/wp-json\/wp\/v2\/users\/1"}],"replies":[{"embeddable":true,"href":"https:\/\/fundacionmfm.org\/en\/wp-json\/wp\/v2\/comments?post=142"}],"version-history":[{"count":21,"href":"https:\/\/fundacionmfm.org\/en\/wp-json\/wp\/v2\/pages\/142\/revisions"}],"predecessor-version":[{"id":166,"href":"https:\/\/fundacionmfm.org\/en\/wp-json\/wp\/v2\/pages\/142\/revisions\/166"}],"wp:attachment":[{"href":"https:\/\/fundacionmfm.org\/en\/wp-json\/wp\/v2\/media?parent=142"}],"curies":[{"name":"wp","href":"https:\/\/api.w.org\/{rel}","templated":true}]}}