{"id":127,"date":"2022-09-20T13:43:34","date_gmt":"2022-09-20T13:43:34","guid":{"rendered":"https:\/\/fundacionmfm.org\/?page_id=127"},"modified":"2022-12-13T15:42:38","modified_gmt":"2022-12-13T15:42:38","slug":"mfm-al-dia","status":"publish","type":"page","link":"https:\/\/fundacionmfm.org\/en\/mfm-al-dia\/","title":{"rendered":"MFM al d\u00eda"},"content":{"rendered":"<div   class=\"vc_row wpb_row vc_row-fluid vc_custom_1663766681042 full-width-section\">\n\t<div  class=\"vc_span12 wpb_column vc_column_container\"><div class=\"vc_column-inner\">\n\t\t<div class=\"wpb_wrapper\">\n\t\t\t<h2 style=\"font-size: 40px;color: #ffffff;text-align: left\" class=\"vc_custom_heading\" >MFM al d\u00eda<\/h2>\n\t\t<\/div> <\/div>\n\t<\/div> \n<\/div><div   class=\"vc_row wpb_row vc_row-fluid\">\n\t<div  class=\"vc_span3 wpb_column vc_column_container\"><div class=\"vc_column-inner\">\n\t\t<div class=\"wpb_wrapper\">\n\t\t\t\n\t<div  class=\"wpb_single_image wpb_content_element vc_align_left\">\n\t\t<div class=\"wpb_wrapper\">\n\t\t\t\n\t\t\t<div class=\"vc_single_image-wrapper   vc_box_border_grey\"><img loading=\"lazy\" decoding=\"async\" width=\"300\" height=\"300\" src=\"https:\/\/fundacionmfm.org\/wp-content\/uploads\/2022\/12\/Carolina-Jaimes-Branger-circuito-exitos-FundacionMFM-300x300.jpg\" class=\"vc_single_image-img attachment-medium\" alt=\"\" title=\"Carolina Jaimes Branger-circuito-exitos-FundacionMFM\" srcset=\"https:\/\/fundacionmfm.org\/wp-content\/uploads\/2022\/12\/Carolina-Jaimes-Branger-circuito-exitos-FundacionMFM-300x300.jpg 300w, https:\/\/fundacionmfm.org\/wp-content\/uploads\/2022\/12\/Carolina-Jaimes-Branger-circuito-exitos-FundacionMFM-1024x1024.jpg 1024w, https:\/\/fundacionmfm.org\/wp-content\/uploads\/2022\/12\/Carolina-Jaimes-Branger-circuito-exitos-FundacionMFM-150x150.jpg 150w, https:\/\/fundacionmfm.org\/wp-content\/uploads\/2022\/12\/Carolina-Jaimes-Branger-circuito-exitos-FundacionMFM-768x768.jpg 768w, https:\/\/fundacionmfm.org\/wp-content\/uploads\/2022\/12\/Carolina-Jaimes-Branger-circuito-exitos-FundacionMFM-12x12.jpg 12w, https:\/\/fundacionmfm.org\/wp-content\/uploads\/2022\/12\/Carolina-Jaimes-Branger-circuito-exitos-FundacionMFM-570x570.jpg 570w, https:\/\/fundacionmfm.org\/wp-content\/uploads\/2022\/12\/Carolina-Jaimes-Branger-circuito-exitos-FundacionMFM-600x600.jpg 600w, https:\/\/fundacionmfm.org\/wp-content\/uploads\/2022\/12\/Carolina-Jaimes-Branger-circuito-exitos-FundacionMFM.jpg 1080w\" sizes=\"auto, (max-width: 300px) 100vw, 300px\" \/><\/div>\n\t\t<\/div>\n\t<\/div>\n\n\t\t<\/div> <\/div>\n\t<\/div> \n\n\t<div  class=\"vc_span9 wpb_column vc_column_container\"><div class=\"vc_column-inner\">\n\t\t<div class=\"wpb_wrapper\">\n\t\t\t<h2 style=\"color: #000000;text-align: left\" class=\"vc_custom_heading\" ><a href=\"https:\/\/www.elnacional.com\/entretenimiento\/mariana-flores-creadora-de-mfm-lectura-me-gustaria-llevar-a-otros-mi-pasion-por-los-libros\/\" target=\"_blank\">La historia detr\u00e1s de la Fundaci\u00f3n MFM Lectura<\/a><\/h2>\n\t<div class=\"wpb_text_column wpb_content_element   ct_89o0mky457e8ccyiz065\" >\n\t\t<div class=\"wpb_wrapper\" >\n\t\t\t<p>Entrevista con Carolina Jaimes Branger para Circuito \u00c9xitos en YouTube<\/p>\n\n\t\t<\/div> \n\t<\/div> <style type=\"text\/css\" >#b_nr7ok2epd6imntwa1r1h a{color:#ffffff; background:#774a98; margin-top:0px; margin-bottom:0px;  margin-left:0px; margin-right:0px; font-weight:900; border-radius:50px;}#b_nr7ok2epd6imntwa1r1h a:hover{color: ; background: ;}<\/style><div class=\"ta_left tf_btn_pos\" id=\"b_nr7ok2epd6imntwa1r1h\" ><a class=\"rd_normal_bt medium_rd_bt\" href=\"https:\/\/www.youtube.com\/watch?v=DtGtyrO2KGI\" target=\"yes\"   >Ir a la entrevista<\/a><\/div>\n\t\t<\/div> <\/div>\n\t<\/div> \n<\/div><div   class=\"vc_row wpb_row vc_row-fluid\">\n\t<div  class=\"vc_span3 wpb_column vc_column_container\"><div class=\"vc_column-inner\">\n\t\t<div class=\"wpb_wrapper\">\n\t\t\t\n\t<div  class=\"wpb_single_image wpb_content_element vc_align_left\">\n\t\t<div class=\"wpb_wrapper\">\n\t\t\t\n\t\t\t<div class=\"vc_single_image-wrapper   vc_box_border_grey\"><img loading=\"lazy\" decoding=\"async\" width=\"300\" height=\"200\" src=\"https:\/\/fundacionmfm.org\/wp-content\/uploads\/2022\/12\/Un-vistazo-a-los-libros-de-la-Fundacion-por-la-Lectura-MFM-300x200.jpg\" class=\"vc_single_image-img attachment-medium\" alt=\"\" title=\"Un vistazo a los libros de la Fundaci\u00f3n por la Lectura MFM\" srcset=\"https:\/\/fundacionmfm.org\/wp-content\/uploads\/2022\/12\/Un-vistazo-a-los-libros-de-la-Fundacion-por-la-Lectura-MFM-300x200.jpg 300w, https:\/\/fundacionmfm.org\/wp-content\/uploads\/2022\/12\/Un-vistazo-a-los-libros-de-la-Fundacion-por-la-Lectura-MFM-1024x683.jpg 1024w, https:\/\/fundacionmfm.org\/wp-content\/uploads\/2022\/12\/Un-vistazo-a-los-libros-de-la-Fundacion-por-la-Lectura-MFM-768x512.jpg 768w, https:\/\/fundacionmfm.org\/wp-content\/uploads\/2022\/12\/Un-vistazo-a-los-libros-de-la-Fundacion-por-la-Lectura-MFM-1536x1024.jpg 1536w, https:\/\/fundacionmfm.org\/wp-content\/uploads\/2022\/12\/Un-vistazo-a-los-libros-de-la-Fundacion-por-la-Lectura-MFM-18x12.jpg 18w, https:\/\/fundacionmfm.org\/wp-content\/uploads\/2022\/12\/Un-vistazo-a-los-libros-de-la-Fundacion-por-la-Lectura-MFM.jpg 1960w\" sizes=\"auto, (max-width: 300px) 100vw, 300px\" \/><\/div>\n\t\t<\/div>\n\t<\/div>\n\n\t\t<\/div> <\/div>\n\t<\/div> \n\n\t<div  class=\"vc_span9 wpb_column vc_column_container\"><div class=\"vc_column-inner\">\n\t\t<div class=\"wpb_wrapper\">\n\t\t\t<h2 style=\"color: #000000;text-align: left\" class=\"vc_custom_heading\" ><a href=\"https:\/\/revistaetiqueta.com\/digital\/etiqueta35-1\/index.html\" target=\"_blank\">La soledad por el cierre de las librer\u00edas en Caracas y los libros que no emigran<\/a><\/h2>\n\t<div class=\"wpb_text_column wpb_content_element   ct_2huob4nwx2ydlplrodtq\" >\n\t\t<div class=\"wpb_wrapper\" >\n\t\t\t<p>La iniciativa de la Fundaci\u00f3n para El Pa\u00eds<\/p>\n\n\t\t<\/div> \n\t<\/div> <style type=\"text\/css\" >#b_xkqd1na8son2e88mny8x a{color:#ffffff; background:#32c0e7; margin-top:0px; margin-bottom:0px;  margin-left:0px; margin-right:0px; font-weight:900; border-radius:50px;}#b_xkqd1na8son2e88mny8x a:hover{color: ; background: ;}<\/style><div class=\"ta_left tf_btn_pos\" id=\"b_xkqd1na8son2e88mny8x\" ><a class=\"rd_normal_bt medium_rd_bt\" href=\"https:\/\/elpais.com\/internacional\/2022-11-06\/la-soledad-por-el-cierre-de-las-librerias-en-caracas-y-los-libros-que-no-emigran.html\" target=\"yes\"   >Ir al art\u00edculo<\/a><\/div>\n\t\t<\/div> <\/div>\n\t<\/div> \n<\/div><div   class=\"vc_row wpb_row vc_row-fluid\">\n\t<div  class=\"vc_span3 wpb_column vc_column_container\"><div class=\"vc_column-inner\">\n\t\t<div class=\"wpb_wrapper\">\n\t\t\t\n\t<div  class=\"wpb_single_image wpb_content_element vc_align_left\">\n\t\t<div class=\"wpb_wrapper\">\n\t\t\t\n\t\t\t<div class=\"vc_single_image-wrapper   vc_box_border_grey\"><img loading=\"lazy\" decoding=\"async\" width=\"300\" height=\"225\" src=\"https:\/\/fundacionmfm.org\/wp-content\/uploads\/2022\/09\/Mariana-Flores-creadora-de-MFM-Lectura-300x225.jpg\" class=\"vc_single_image-img attachment-medium\" alt=\"\" title=\"Mariana Flores-creadora de MFM Lectura\" srcset=\"https:\/\/fundacionmfm.org\/wp-content\/uploads\/2022\/09\/Mariana-Flores-creadora-de-MFM-Lectura-300x225.jpg 300w, https:\/\/fundacionmfm.org\/wp-content\/uploads\/2022\/09\/Mariana-Flores-creadora-de-MFM-Lectura-16x12.jpg 16w, https:\/\/fundacionmfm.org\/wp-content\/uploads\/2022\/09\/Mariana-Flores-creadora-de-MFM-Lectura.jpg 696w\" sizes=\"auto, (max-width: 300px) 100vw, 300px\" \/><\/div>\n\t\t<\/div>\n\t<\/div>\n\n\t\t<\/div> <\/div>\n\t<\/div> \n\n\t<div  class=\"vc_span9 wpb_column vc_column_container\"><div class=\"vc_column-inner\">\n\t\t<div class=\"wpb_wrapper\">\n\t\t\t<h2 style=\"color: #000000;text-align: left\" class=\"vc_custom_heading\" ><a href=\"https:\/\/www.elnacional.com\/entretenimiento\/mariana-flores-creadora-de-mfm-lectura-me-gustaria-llevar-a-otros-mi-pasion-por-los-libros\/\" target=\"_blank\">Mariana Flores, creadora de MFM Lectura: Me gustar\u00eda llevar a otros mi pasi\u00f3n por los libros<\/a><\/h2>\n\t<div class=\"wpb_text_column wpb_content_element   ct_21c0jp8nooms3eqsyr3z\" >\n\t\t<div class=\"wpb_wrapper\" >\n\t\t\t<p>Entrevista para El Nacional<\/p>\n\n\t\t<\/div> \n\t<\/div> <style type=\"text\/css\" >#b_qbgamtyp7srzdbzjvui9 a{color:#ffffff; background:#774a98; margin-top:0px; margin-bottom:0px;  margin-left:0px; margin-right:0px; font-weight:900; border-radius:50px;}#b_qbgamtyp7srzdbzjvui9 a:hover{color: ; background: ;}<\/style><div class=\"ta_left tf_btn_pos\" id=\"b_qbgamtyp7srzdbzjvui9\" ><a class=\"rd_normal_bt medium_rd_bt\" href=\"https:\/\/www.elnacional.com\/entretenimiento\/mariana-flores-creadora-de-mfm-lectura-me-gustaria-llevar-a-otros-mi-pasion-por-los-libros\/\" target=\"yes\"   >Ir a la entrevista<\/a><\/div>\n\t\t<\/div> <\/div>\n\t<\/div> \n<\/div><div   class=\"vc_row wpb_row vc_row-fluid\">\n\t<div  class=\"vc_span3 wpb_column vc_column_container\"><div class=\"vc_column-inner\">\n\t\t<div class=\"wpb_wrapper\">\n\t\t\t\n\t<div  class=\"wpb_single_image wpb_content_element vc_align_left\">\n\t\t<div class=\"wpb_wrapper\">\n\t\t\t\n\t\t\t<div class=\"vc_single_image-wrapper   vc_box_border_grey\"><img loading=\"lazy\" decoding=\"async\" width=\"300\" height=\"279\" src=\"https:\/\/fundacionmfm.org\/wp-content\/uploads\/2022\/09\/Mariana-Flores-La-lectura-como-herramienta-para-abrir-las-puertas-del-mundo-300x279.jpg\" class=\"vc_single_image-img attachment-medium\" alt=\"\" title=\"Mariana Flores-La lectura como herramienta para abrir las puertas del mundo\" srcset=\"https:\/\/fundacionmfm.org\/wp-content\/uploads\/2022\/09\/Mariana-Flores-La-lectura-como-herramienta-para-abrir-las-puertas-del-mundo-300x279.jpg 300w, https:\/\/fundacionmfm.org\/wp-content\/uploads\/2022\/09\/Mariana-Flores-La-lectura-como-herramienta-para-abrir-las-puertas-del-mundo-13x12.jpg 13w, https:\/\/fundacionmfm.org\/wp-content\/uploads\/2022\/09\/Mariana-Flores-La-lectura-como-herramienta-para-abrir-las-puertas-del-mundo.jpg 533w\" sizes=\"auto, (max-width: 300px) 100vw, 300px\" \/><\/div>\n\t\t<\/div>\n\t<\/div>\n\n\t\t<\/div> <\/div>\n\t<\/div> \n\n\t<div  class=\"vc_span9 wpb_column vc_column_container\"><div class=\"vc_column-inner\">\n\t\t<div class=\"wpb_wrapper\">\n\t\t\t<h2 style=\"color: #000000;text-align: left\" class=\"vc_custom_heading\" ><a href=\"https:\/\/revistaetiqueta.com\/digital\/etiqueta35-1\/index.html\" target=\"_blank\">Mariana Flores: La lectura como herramienta para abrir las puertas del mundo<\/a><\/h2>\n\t<div class=\"wpb_text_column wpb_content_element   ct_793bnefcsq0kln4zjeyy\" >\n\t\t<div class=\"wpb_wrapper\" >\n\t\t\t<p>Entrevista para Revista Etiqueta<\/p>\n\n\t\t<\/div> \n\t<\/div> <style type=\"text\/css\" >#b_wcbl7seiri94sk9d6jjg a{color:#ffffff; background:#32c0e7; margin-top:0px; margin-bottom:0px;  margin-left:0px; margin-right:0px; font-weight:900; border-radius:50px;}#b_wcbl7seiri94sk9d6jjg a:hover{color: ; background: ;}<\/style><div class=\"ta_left tf_btn_pos\" id=\"b_wcbl7seiri94sk9d6jjg\" ><a class=\"rd_normal_bt medium_rd_bt\" href=\"https:\/\/revistaetiqueta.com\/digital\/etiqueta35-1\/index.html\" target=\"yes\"   >Ir a la entrevista<\/a><\/div>\n\t\t<\/div> <\/div>\n\t<\/div> \n<\/div><div   class=\"vc_row wpb_row vc_row-fluid\">\n\t<div  class=\"vc_span3 wpb_column vc_column_container\"><div class=\"vc_column-inner\">\n\t\t<div class=\"wpb_wrapper\">\n\t\t\t\n\t<div  class=\"wpb_single_image wpb_content_element vc_align_left\">\n\t\t<div class=\"wpb_wrapper\">\n\t\t\t\n\t\t\t<div class=\"vc_single_image-wrapper   vc_box_border_grey\"><img loading=\"lazy\" decoding=\"async\" width=\"300\" height=\"156\" src=\"https:\/\/fundacionmfm.org\/wp-content\/uploads\/2022\/09\/Mariana-Flores-Dia-internacional-del-libro-Daniel-hernandez-300x156.jpg\" class=\"vc_single_image-img attachment-medium\" alt=\"\" title=\"Mariana Flores-Dia internacional del libro-Daniel-hernandez\" srcset=\"https:\/\/fundacionmfm.org\/wp-content\/uploads\/2022\/09\/Mariana-Flores-Dia-internacional-del-libro-Daniel-hernandez-300x156.jpg 300w, https:\/\/fundacionmfm.org\/wp-content\/uploads\/2022\/09\/Mariana-Flores-Dia-internacional-del-libro-Daniel-hernandez-1024x532.jpg 1024w, https:\/\/fundacionmfm.org\/wp-content\/uploads\/2022\/09\/Mariana-Flores-Dia-internacional-del-libro-Daniel-hernandez-768x399.jpg 768w, https:\/\/fundacionmfm.org\/wp-content\/uploads\/2022\/09\/Mariana-Flores-Dia-internacional-del-libro-Daniel-hernandez-18x9.jpg 18w, https:\/\/fundacionmfm.org\/wp-content\/uploads\/2022\/09\/Mariana-Flores-Dia-internacional-del-libro-Daniel-hernandez.jpg 1100w\" sizes=\"auto, (max-width: 300px) 100vw, 300px\" \/><\/div>\n\t\t<\/div>\n\t<\/div>\n\n\t\t<\/div> <\/div>\n\t<\/div> \n\n\t<div  class=\"vc_span9 wpb_column vc_column_container\"><div class=\"vc_column-inner\">\n\t\t<div class=\"wpb_wrapper\">\n\t\t\t<h2 style=\"color: #000000;text-align: left\" class=\"vc_custom_heading\" ><a href=\"https:\/\/elestimulo.com\/de-interes\/2022-04-21\/3-iniciativas-que-promueven-la-lectura-asi-se-celebra-el-dia-internacional-del-libro\/\" target=\"_blank\">3 iniciativas que promueven la lectura: as\u00ed se celebra el D\u00eda Internacional del Libro<\/a><\/h2>\n\t<div class=\"wpb_text_column wpb_content_element   ct_ivcec73f2xrytabsadgl\" >\n\t\t<div class=\"wpb_wrapper\" >\n\t\t\t<p>Entrevista para El Est\u00edmulo<\/p>\n\n\t\t<\/div> \n\t<\/div> <style type=\"text\/css\" >#b_r5y5eutgxmy75bwbt9np a{color:#ffffff; background:#774a98; margin-top:0px; margin-bottom:0px;  margin-left:0px; margin-right:0px; font-weight:900; border-radius:50px;}#b_r5y5eutgxmy75bwbt9np a:hover{color: ; background: ;}<\/style><div class=\"ta_left tf_btn_pos\" id=\"b_r5y5eutgxmy75bwbt9np\" ><a class=\"rd_normal_bt medium_rd_bt\" href=\"https:\/\/elestimulo.com\/de-interes\/2022-04-21\/3-iniciativas-que-promueven-la-lectura-asi-se-celebra-el-dia-internacional-del-libro\/\" target=\"yes\"   >Ir a la entrevista<\/a><\/div>\n\t\t<\/div> <\/div>\n\t<\/div> \n<\/div>","protected":false},"excerpt":{"rendered":"<p>MFM al d\u00eda La historia detr\u00e1s de la Fundaci\u00f3n MFM Lectura Entrevista con Carolina Jaimes Branger para Circuito \u00c9xitos en YouTube Ir a la entrevista La soledad por el cierre de las librer\u00edas en Caracas y los libros que no emigran La iniciativa de la Fundaci\u00f3n para El Pa\u00eds Ir al art\u00edculo Mariana Flores, creadora<br \/><a href=\"https:\/\/fundacionmfm.org\/en\/mfm-al-dia\/\" class=\"more\">Read more<\/a><\/p>","protected":false},"author":1,"featured_media":0,"parent":0,"menu_order":0,"comment_status":"closed","ping_status":"closed","template":"","meta":{"footnotes":""},"class_list":["post-127","page","type-page","status-publish","hentry"],"_links":{"self":[{"href":"https:\/\/fundacionmfm.org\/en\/wp-json\/wp\/v2\/pages\/127","targetHints":{"allow":["GET"]}}],"collection":[{"href":"https:\/\/fundacionmfm.org\/en\/wp-json\/wp\/v2\/pages"}],"about":[{"href":"https:\/\/fundacionmfm.org\/en\/wp-json\/wp\/v2\/types\/page"}],"author":[{"embeddable":true,"href":"https:\/\/fundacionmfm.org\/en\/wp-json\/wp\/v2\/users\/1"}],"replies":[{"embeddable":true,"href":"https:\/\/fundacionmfm.org\/en\/wp-json\/wp\/v2\/comments?post=127"}],"version-history":[{"count":12,"href":"https:\/\/fundacionmfm.org\/en\/wp-json\/wp\/v2\/pages\/127\/revisions"}],"predecessor-version":[{"id":406,"href":"https:\/\/fundacionmfm.org\/en\/wp-json\/wp\/v2\/pages\/127\/revisions\/406"}],"wp:attachment":[{"href":"https:\/\/fundacionmfm.org\/en\/wp-json\/wp\/v2\/media?parent=127"}],"curies":[{"name":"wp","href":"https:\/\/api.w.org\/{rel}","templated":true}]}}